{"id":101,"date":"2020-04-29T10:26:10","date_gmt":"2020-04-29T10:26:10","guid":{"rendered":"https:\/\/old4.commonsupport.com\/zentec\/?page_id=101"},"modified":"2024-04-22T09:51:30","modified_gmt":"2024-04-22T08:51:30","slug":"business-security","status":"publish","type":"page","link":"https:\/\/wakatelecom.com\/?page_id=101","title":{"rendered":"Dise\u00f1o Web"},"content":{"rendered":"\t\t<div data-elementor-type=\"wp-page\" data-elementor-id=\"101\" class=\"elementor elementor-101\">\n\t\t\t\t\t\t\t\t\t<section class=\"elementor-section elementor-top-section elementor-element elementor-element-7e74cdb4 elementor-section-stretched elementor-section-full_width elementor-section-height-default elementor-section-height-default\" data-id=\"7e74cdb4\" data-element_type=\"section\" data-settings=\"{&quot;stretch_section&quot;:&quot;section-stretched&quot;}\">\n\t\t\t\t\t\t<div class=\"elementor-container elementor-column-gap-no\">\n\t\t\t\t\t<div class=\"elementor-column elementor-col-100 elementor-top-column elementor-element elementor-element-2edc3785\" data-id=\"2edc3785\" data-element_type=\"column\">\n\t\t\t<div class=\"elementor-widget-wrap elementor-element-populated\">\n\t\t\t\t\t\t\t\t<div class=\"elementor-element elementor-element-470d036a elementor-widget elementor-widget-zentec_page_title2\" data-id=\"470d036a\" data-element_type=\"widget\" data-widget_type=\"zentec_page_title2.default\">\n\t\t\t\t<div class=\"elementor-widget-container\">\n\t\t\t<section class=\" inner-banner alternate\">\n\t<div class=\"image-layer\" style=\"background-image: url(https:\/\/wakatelecom.com\/wp-content\/uploads\/2020\/04\/banner-bg-1.jpg);\"><\/div>\n\t<div class=\"auto-container\">\n\t\t<div class=\"inner\">\n\t\t\t<div class=\"title-box\">\n\t\t\t\t<h1>Dise\u00f1o Web<\/h1>\n\t\t\t\t<div class=\"d-text\"><\/div>\n\t\t\t<\/div>\n\t\t<\/div>\n\t<\/div>\n<\/section>\n\t\t\t\t<\/div>\n\t\t\t\t<\/div>\n\t\t\t\t\t<\/div>\n\t\t<\/div>\n\t\t\t\t\t\t\t<\/div>\n\t\t<\/section>\n\t\t\t\t<section class=\"elementor-section elementor-top-section elementor-element elementor-element-e0980a7 elementor-section-boxed elementor-section-height-default elementor-section-height-default\" data-id=\"e0980a7\" data-element_type=\"section\">\n\t\t\t\t\t\t<div class=\"elementor-container elementor-column-gap-default\">\n\t\t\t\t\t<div class=\"elementor-column elementor-col-33 elementor-top-column elementor-element elementor-element-4f04e38\" data-id=\"4f04e38\" data-element_type=\"column\">\n\t\t\t<div class=\"elementor-widget-wrap elementor-element-populated\">\n\t\t\t\t\t\t\t\t<div class=\"elementor-element elementor-element-205e111 elementor-widget elementor-widget-zentec_wi_catagory\" data-id=\"205e111\" data-element_type=\"widget\" data-widget_type=\"zentec_wi_catagory.default\">\n\t\t\t\t<div class=\"elementor-widget-container\">\n\t\t\t    <div class=\" sidebar-page-container services-page\">\n        <div class=\"auto-container\">\n            <div class=\"row clearfix\">\n                <div class=\"sidebar-side col-lg-12 col-md-12 col-sm-12\">\n                    <aside class=\"sidebar services-sidebar\">\n                        <!--Services Widget-->\n                        <div class=\"sidebar-widget services-widget\">\n                            <div class=\"widget-inner\">\n                                <ul>\n                                    \n\t\t\t\t\t\t\t\t\t\t\t\t\t\t\t\t\t\t\t\t\t\t\t\t\t\t\t<li><a href=\"\/?page_id=97\">Correo Corporativo<\/a><\/li>\n                                    \t\n\t\t\t\t\t\t\t\t\t\n\t\t\t\t\t\t\t\t\t\t\t\t\t\t\t\t\t\t\t\t\t\t\t\t\t\t\t<li class=\"active\"><a href=\"#\">Dise\u00f1o Web<\/a><\/li>\n                                    \n\t\t\t\t\t\t\t\t\t\t\n\t\t\t\t\t\t\t\t\t\n\t\t\t\t\t\t\t\t\t\t\t\t\t\t\t\t\t\t\t\t\t\t\t\t\t\t\t<li><a href=\"\/?page_id=3271\">Posicionamiento: SEO, AdWords<\/a><\/li>\n                                    \t\n\t\t\t\t\t\t\t\t\t\n\t\t\t\t\t\t\t\t\t\t\t\t\t\t\t\t\t\t\t\t\t\t\t\t\t\t\t<li><a href=\"\/?page_id=3292\">Publicidad Digital\n<\/a><\/li>\n                                    \t\n\t\t\t\t\t\t\t\t\t\n\t\t\t\t\t\t\t\t\t\t\t\t\t\t\t\t\t\t\t\t\t\t\t\t\t\t\t<li><a href=\"\/?page_id=3308\">Resiliencia de Datos\n<\/a><\/li>\n                                    \t\n\t\t\t\t\t\t\t\t\t\n\t\t\t\t\t\t\t\t\t\t\t\t\t\t\t\t\t\t\t\t\t\t\t\t\t\t\t<li><a href=\"\/?page_id=3326\">Contabilidad Informatizada: FrontAccounting\n<\/a><\/li>\n                                    \t\n\t\t\t\t\t\t\t\t\t\n\t\t\t\t\t\t\t\t\t\t\t\t\t\t\t\t\t\t\t\t\t\t\t\t\t\t\t<li><a href=\"\/?page_id=3375\">WUBICA GPS\n<\/a><\/li>\n                                    \t\n\t\t\t\t\t\t\t\t\t\n\t\t\t\t\t\t\t\t\t\t\t\t\t\t\t\t\t\t\t\t\t\t\t\t\t\t\t<li><a href=\"\/?page_id=4179\">Track Vigilante<\/a><\/li>\n                                    \t\n\t\t\t\t\t\t\t\t\t\n\t\t\t\t\t\t\t\t\t\t\t\t\t\t\t\t\t\t\t\t\t\t\t\t\t\t\t<li><a href=\"\/?page_id=3438\">Consultor\u00eda T\u00e9cnica\n<\/a><\/li>\n                                    \t\n\t\t\t\t\t\t\t\t\t\n\t\t\t\t\t\t\t\t\t                                <\/ul>\n                            <\/div>\n                        <\/div>\n                    <\/aside>\n                <\/div>\n            <\/div>\n        <\/div>\n    <\/div> \n\t\t\t\t<\/div>\n\t\t\t\t<\/div>\n\t\t\t\t<div class=\"elementor-element elementor-element-1d9302e elementor-widget elementor-widget-zentec_wi_downloa\" data-id=\"1d9302e\" data-element_type=\"widget\" data-widget_type=\"zentec_wi_downloa.default\">\n\t\t\t\t<div class=\"elementor-widget-container\">\n\t\t\t<div class=\" sidebar-page-container services-page\">\n        <div class=\"auto-container\">\n            <div class=\"row clearfix\">\n                <div class=\"sidebar-side col-lg-12 col-md-12 col-sm-12\">\n                    <aside class=\"sidebar services-sidebar\">\n                        <div class=\"sidebar-widget downloads-widget\">\n                            <div class=\"sidebar-title\">\n                                <h3>Related Downloads<\/h3>\n                            <\/div>\n                            <div class=\"widget-inner\">\n                                <ul>\n                                    \n\t\t\t\t\t\t\t\t\t\t\t\t\t\t\t\t\t\t\n\t\t\t\t\t\t\t\t\t<li><a href=\"#\"><span class=\"far fa-file-pdf\"><\/span>Perfil Empresarial (PDF)<\/a><\/li>\n                                    \n\t\t\t\t\t\t\t\t\t\t\t\t\t\t\t\t\t\t\n\t\t\t\t\t\t\t\t\t<li><a href=\"#\"><span class=\"far fa-file-pdf\"><\/span>Folleto Informativo<\/a><\/li>\n                                    \n\t\t\t\t\t\t\t\t\t\t\t\t\t\t\t\t\t\t\n\t\t\t\t\t\t\t\t\t<li><a href=\"#\"><span class=\"far fa-file-pdf\"><\/span>Nuestros Servicios<\/a><\/li>\n                                    \n\t\t\t\t\t\t\t\t\t                                <\/ul>\n                            <\/div>\n                        <\/div>\n                        \n                    <\/aside>\n                <\/div>\n                \n            <\/div>\n        <\/div>\n    <\/div>\n\t\t\t\t<\/div>\n\t\t\t\t<\/div>\n\t\t\t\t<div class=\"elementor-element elementor-element-9502835 elementor-widget elementor-widget-zentec_wi_callto\" data-id=\"9502835\" data-element_type=\"widget\" data-widget_type=\"zentec_wi_callto.default\">\n\t\t\t\t<div class=\"elementor-widget-container\">\n\t\t\t<div class=\" sidebar-page-container services-page\">\n\t<div class=\"auto-container\">\n\t\t<div class=\"row clearfix\">\n\t\t\t<div class=\"sidebar-side col-lg-12 col-md-12 col-sm-12\">\n\t\t\t\t<aside class=\"sidebar services-sidebar\">\n\t\t\t\t\t<!--Info Widget-->\n\t\t\t\t\t<div class=\"sidebar-widget info-widget\">\n\t\t\t\t\t\t<div class=\"widget-inner\">\n\t\t\t\t\t\t\t\n\t\t\t\t\t\t\t\t\t\t\t\t\t\t<div class=\"image\"><a href=\"https:\/\/soporte.wakatelecom.com\"><img decoding=\"async\" src=\"https:\/\/wakatelecom.com\/wp-content\/uploads\/2023\/12\/logoweb-1.png\" alt=\"\"><\/a><\/div>\n\t\t\t\t\t\t\t\t\t\t\t\t\t\t\n\t\t\t\t\t\t\t<div class=\"lower\">\n\t\t\t\t\t\t\t\t<div class=\"subtitle\">\u00bfAlguna pregunta?<br>\n\u00a1Ll\u00e1manos hoy!<\/div>\n\t\t\t\t\t\t\t\t<div class=\"icon-box\"><span class=\"flaticon-telephone\"><\/span><\/div>\n\t\t\t\t\t\t\t\t<div class=\"phone\"><a href=\"tel:(+1)-500.369.2580\"><a href=\"tel:+240555281169\"> (+240) 555 281 169<\/a>\n<\/a><\/div>\n\t\t\t\t\t\t\t\t<div class=\"email\"><a href=\"mailto:support@zentec.net\"><a href=\"mailto:info@wakatelecom.com\">info@wakatelecom.com<\/a><\/a><\/div>\n\t\t\t\t\t\t\t<\/div>\n\t\t\t\t\t\t<\/div>\n\t\t\t\t\t<\/div>\n\t\t\t\t<\/aside>\n\t\t\t<\/div>\n\t\t<\/div>\n\t<\/div>\n<\/div>\n\t\t\t\t<\/div>\n\t\t\t\t<\/div>\n\t\t\t\t\t<\/div>\n\t\t<\/div>\n\t\t\t\t<div class=\"elementor-column elementor-col-66 elementor-top-column elementor-element elementor-element-ae25ea4\" data-id=\"ae25ea4\" data-element_type=\"column\">\n\t\t\t<div class=\"elementor-widget-wrap elementor-element-populated\">\n\t\t\t\t\t\t\t\t<div class=\"elementor-element elementor-element-ba48010 elementor-widget elementor-widget-zentec_service_single\" data-id=\"ba48010\" data-element_type=\"widget\" data-widget_type=\"zentec_service_single.default\">\n\t\t\t\t<div class=\"elementor-widget-container\">\n\t\t\t<div class=\" sidebar-page-container services-page\">\n\t<div class=\"auto-container\">\n\t\t<div class=\"row clearfix\">\n\t\t\t\n\t\t\t<!--Content Side-->\n\t\t\t<div class=\"content-side col-lg-12 col-md-12 col-sm-12\">\n\t\t\t\t<div class=\"services-content\">\n\t\t\t\t\t<div class=\"service-details\">\n\t\t\t\t\t\t\n\t\t\t\t\t\t\n\t\t\t\t\t\t\t\t\t\t\t\t<div class=\"image-box\">\n\t\t\t\t\t\t\t<img decoding=\"async\" src=\"https:\/\/wakatelecom.com\/wp-content\/uploads\/2022\/12\/web.jpg\" alt=\"\">\n\t\t\t\t\t\t<\/div>\n\t\t\t\t\t\t\t\t\t\t\t\t\n\t\t\t\t\t\t<!--content-->\n\t\t\t\t\t\t<div class=\"content\">\n\t\t\t\t\t\t\t<h3>Dise\u00f1o Web<\/h3>\n\t\t\t\t\t\t\t<div class=\"text\">\n\t\t\t\t\t\t\t\t<p>Nos sentimos orgullosos de formar parte del grupo de empresas tecnol\u00f3gicas que est\u00e1n contribuyendo a la modernizaci\u00f3n del tejido empresarial mundial, aportando la posibilidad de contratar servicios de creaci\u00f3n de p\u00e1ginas web a cualquier cliente, en cualquier parte del planeta.\n<br><br>\nUn sitio web es el arma principal para existir en Internet y tener acceso a cualquier cliente potencial que pueda estar conectado a esta red. El sitio web debe figurar como estrategia principal para hacerse conocer online, para dar a conocer los servicios que se les ofrece.\n<br><br>\nHay diferentes tipos de webs, con diferentes prop\u00f3sitos, dependiendo del p\u00fablico objeto. Algunas webs est\u00e1n orientadas a proporcionar informaci\u00f3n de los servicios, otras orientadas a vender diferentes productos, otras meramente de entretenimiento.\n<br><br>\n<h3>SITIOS WEB INFORMATIVOS<\/h3>\nEl prop\u00f3sito de un sitio web informativo es transmitir informaci\u00f3n concisa y \u00fatil a una audiencia espec\u00edfica, para que el lector aprenda algo nuevo o comprenda mejor un tema. Estos sitios web est\u00e1n orientados a informaci\u00f3n m\u00e1s procesable y pueden tener soluciones, consejos, trucos, arreglos, reparaciones, orientaci\u00f3n, informaci\u00f3n de soporte, direcciones, instrucciones, etc.\n<br><br>\n<h3>WEB DE ENTRETENIMIENTO<\/h3>\nEstos sitios web muestran informaci\u00f3n entretenida a los visitantes. Revistas en l\u00ednea, sitios web orientados a chismes, noticias de celebridades, cobertura deportiva, pel\u00edculas, artes, sitios web humor\u00edsticos, etc. Est\u00e1n dise\u00f1ados para ser f\u00e1ciles de navegar y se actualizan con frecuencia para que los usuarios regresen en busca de m\u00e1s informaci\u00f3n. Se pueden hacer m\u00e1s atractivos mediante el uso de contenido din\u00e1mico: v\u00eddeos, podcasts, presentaciones, etc.\n<br><br>\n<h3>WEBS E-COMMERCE<\/h3>\nEl prop\u00f3sito de los sitios web de comercio electr\u00f3nico (E-commerce) es vender productos a los usuarios. Los sitios web m\u00e1s exitosos se optimizan cuidadosamente para lograr un alto porcentaje de compras. Para lograr el \u00e9xito, los sitios web de comercio electr\u00f3nico deben integrar todas las \u00faltimas t\u00e9cnicas disponibles de cierre y venta adicional en l\u00ednea que han demostrado aumentar las posibilidades de que un visitante compre. Hay muchos elementos importantes que intervienen en la construcci\u00f3n de un sitio web de comercio electr\u00f3nico exitoso, como eliminar dificultades durante el proceso de compra, hacer que el proceso de pago sea sencillo, hacer que el sitio web sea r\u00e1pido y atractivo, aumentar la venta de productos relacionados a los usuarios, incentivar a los compradores, reducir el abandono dl carrito, sensibilizar a los compradores para que vuelvan a comprar, remarketing a visitantes anteriores que a\u00fan no han comprado, usar las opciones de pago adecuadas, tener un dise\u00f1o listo para dispositivos m\u00f3viles, etc.\n<br><br>\n<h3>WEB DE SERVICIOS<\/h3>\nEl prop\u00f3sito de un sitio web comercial basado en servicios es convencer a los visitantes del sitio web de que deben convertirse en clientes de la empresa de servicios. Esto se logra posicionando a la empresa como un proveedor de servicios digno de confianza y con experiencia en el mercado objetivo.\nLos visitantes evaluar\u00e1n previamente a los posibles proveedores de servicios revisando sus sitios web antes de realizar cualquier llamada telef\u00f3nica. Durante este proceso, est\u00e1n tratando de encontrar la mejor compa\u00f1\u00eda que satisfaga sus necesidades espec\u00edficas. Est\u00e1n tratando de determinar cu\u00e1n experta es la empresa, la calidad del trabajo que recibir\u00e1n, si el proveedor tiene una buena reputaci\u00f3n y cu\u00e1nto tiempo ha estado en el negocio. Se puede ayudar a los visitantes brind\u00e1ndoles informaci\u00f3n y art\u00edculos que demuestren el conocimiento del proveedor, un portafolio visual de su trabajo, v\u00eddeos, testimonios de clientes, etc.\n<br><br>\n<h3>BLOGS<\/h3>\nEl prop\u00f3sito de un blog es proporcionar un sitio web o una p\u00e1gina web que se actualice regularmente, generalmente uno administrado por un individuo o un grupo peque\u00f1o, que est\u00e1 escrito en un estilo informal o conversacional. Los blogs se pueden iniciar en l\u00ednea muy f\u00e1cilmente utilizando una serie de servicios gratuitos, como wordpress.com. Hay muchos blogs personales y profesionales de lectura entretenida y que dan una visi\u00f3n muy personal de la vida de alguien determinado\/a. Los blogs pueden tener fines de entretenimiento, usarse como un diario en l\u00ednea o ser utilizados por empresas para mantener a sus clientes al tanto de lo que sucede. El sello distintivo de un blog es que es muy f\u00e1cil de mantener para una persona no capacitada con poco o ning\u00fan conocimiento t\u00e9cnico.\n<br><br>\n\n<\/p>\n\t\t\t\t\t\t\t<\/div>\n\t\t\t\t\t\t<\/div>\n\t\t\t\t\t<\/div>\n\t\t\t\t<\/div>\n\t\t\t<\/div>\n\t\t<\/div>\n\t<\/div>\n<\/div>\n\t\t\t\t<\/div>\n\t\t\t\t<\/div>\n\t\t\t\t<div class=\"elementor-element elementor-element-4c47eeb elementor-widget elementor-widget-zentec_service_single2\" data-id=\"4c47eeb\" data-element_type=\"widget\" data-widget_type=\"zentec_service_single2.default\">\n\t\t\t\t<div class=\"elementor-widget-container\">\n\t\t\t<div class=\" sidebar-page-container services-page\">\n        <div class=\"auto-container\">\n            <div class=\"row clearfix\">\n                <!--Content Side-->\n                <div class=\"content-side col-lg-12 col-md-12 col-sm-12\">\n                    <div class=\"services-content\">\n                        <div class=\"service-details\">\n                            <!--content-->\n                            <div class=\"content\">\n                                <!--Two Column-->\n                                <div class=\"two-col\">\n                                    <div class=\"row clearfix\">\n                                        <div class=\"column col-lg-6 col-md-6 col-sm-12\">\n                                            \n\t\t\t\t\t\t\t\t\t\t\t\n\t\t\t\t\t\t\t\t\t\t\t\t\t\t\t\t\t\t\t\t\t\t\n                                        <\/div>\n                                        <div class=\"column col-lg-6 col-md-6 col-sm-12\">\n                                            \n\t\t\t\t\t\t\t\t\t\t\t\n\t\t\t\t\t\t\t\t\t\t\t\t\t\t\t\t\t\t\t\t\t\t\n                                        <\/div>\n                                    <\/div>\n                                <\/div>\n                                <div class=\"text\">\n                                    <p><h3>REDES SOCIALES<\/h3>\nEl prop\u00f3sito de las webs de redes sociales es hacer que sea muy f\u00e1cil compartir y conectarse con amigos, familiares, compa\u00f1eros de trabajo, conocidos e incluso desconocidos. Los sitios web de redes sociales facilitan y agilizan la construcci\u00f3n de una red de conexiones para mantenerse en contacto, compartir experiencias diarias, fotos, intereses, preferencias, etc. Las redes sociales se pueden utilizar tanto para fines personales como comerciales. Las empresas utilizan las redes sociales para crear conexiones directas con sus clientes, lo que les permite obtener comentarios sobre sus productos y servicios y les permite aprender m\u00e1s sobre lo que sus clientes realmente necesitan y quieren.\n<br><br>\nAlgunas redes sociales son Facebook, Twitter, LinkedIn, Tinder, Snapchat, Instagram, \u2026 etc.\n<br><br>\nLos profesionales que administran los perfiles empresariales de redes sociales se denominan Community Managers, y su labor consiste en comunicarse directamente con el cliente final a trav\u00e9s de redes sociales conocidas. El Community Manager es un\/una profesional de Marketing responsable de la administraci\u00f3n y desarrollo de la comunidad online de la empresa. Es responsable de construir, hacer crecer y administrar la comunidad de clientes y fans de la compa\u00f1\u00eda, haci\u00e9ndoles part\u00edcipes de alg\u00fan evento medi\u00e1tico e incluso eventos en directo. Utiliza herramientas anal\u00edticas para monitorear blogs, foros online y averiguar qu\u00e9 dice la gente online de la marca.<\/p>\n\n                                    <ul class=\"list-style-one\">\n                                        \n\t\t\t\t\t\t\t\t\t\t\t\t\t\t\t\t\t\t\t\t\n\t\t\t\t\t\t\t\t\t\t<li>Adquirimos tu dominio, a tu elecci\u00f3n, siempre dependiendo de disponibilidad mundial del nombre<\/li>\n                                        \n\t\t\t\t\t\t\t\t\t\t\t\t\t\t\t\t\t\t\t\t\n\t\t\t\t\t\t\t\t\t\t<li>Te ofrecemos unos costes muy econ\u00f3micos, sin mermar la seguridad que requiere tu web<\/li>\n                                        \n\t\t\t\t\t\t\t\t\t\t\t\t\t\t\t\t\t\t\t\t\n\t\t\t\t\t\t\t\t\t\t<li>Contamos con alianzas estrat\u00e9gicas nacionales e internacionales para proyectos de considerable volumen<\/li>\n                                        \n\t\t\t\t\t\t\t\t\t\t\t\t\t\t\t\t\t\t\t\t\n\t\t\t\t\t\t\t\t\t\t<li>Ofrecemos alojamiento tanto en servidores privados como en compartidos<\/li>\n                                        \n\t\t\t\t\t\t\t\t\t\t                                    <\/ul>\n                                <\/div>\n                            <\/div>\n                        <\/div>\n                    <\/div>\n                <\/div>\n            <\/div>\n        <\/div>\n    <\/div>\n\t\t\t\t<\/div>\n\t\t\t\t<\/div>\n\t\t\t\t\t<\/div>\n\t\t<\/div>\n\t\t\t\t\t\t\t<\/div>\n\t\t<\/section>\n\t\t\t\t<section class=\"elementor-section elementor-top-section elementor-element elementor-element-2e8c05d elementor-section-stretched elementor-section-full_width elementor-section-height-default elementor-section-height-default\" data-id=\"2e8c05d\" data-element_type=\"section\" data-settings=\"{&quot;stretch_section&quot;:&quot;section-stretched&quot;}\">\n\t\t\t\t\t\t<div class=\"elementor-container elementor-column-gap-no\">\n\t\t\t\t\t<div class=\"elementor-column elementor-col-100 elementor-top-column elementor-element elementor-element-4f22ebe\" data-id=\"4f22ebe\" data-element_type=\"column\">\n\t\t\t<div class=\"elementor-widget-wrap elementor-element-populated\">\n\t\t\t\t\t\t\t\t<div class=\"elementor-element elementor-element-d4a1ad6 elementor-widget elementor-widget-zentec_separator\" data-id=\"d4a1ad6\" data-element_type=\"widget\" data-widget_type=\"zentec_separator.default\">\n\t\t\t\t<div class=\"elementor-widget-container\">\n\t\t\t<div class=\"theme-separator\"><\/div>\n\t\t\t\t<\/div>\n\t\t\t\t<\/div>\n\t\t\t\t\t<\/div>\n\t\t<\/div>\n\t\t\t\t\t\t\t<\/div>\n\t\t<\/section>\n\t\t\t\t<section class=\"elementor-section elementor-top-section elementor-element elementor-element-3aa928c elementor-section-stretched elementor-section-full_width elementor-section-height-default elementor-section-height-default\" data-id=\"3aa928c\" data-element_type=\"section\" data-settings=\"{&quot;stretch_section&quot;:&quot;section-stretched&quot;}\">\n\t\t\t\t\t\t<div class=\"elementor-container elementor-column-gap-no\">\n\t\t\t\t\t<div class=\"elementor-column elementor-col-100 elementor-top-column elementor-element elementor-element-1098ca3\" data-id=\"1098ca3\" data-element_type=\"column\">\n\t\t\t<div class=\"elementor-widget-wrap elementor-element-populated\">\n\t\t\t\t\t\t\t\t<div class=\"elementor-element elementor-element-d5abfdf elementor-widget elementor-widget-zentec_calltoaction2\" data-id=\"d5abfdf\" data-element_type=\"widget\" data-widget_type=\"zentec_calltoaction2.default\">\n\t\t\t\t<div class=\"elementor-widget-container\">\n\t\t\t<section class=\" call-to-action\">\n\t<div class=\"map-pattern-layer\" style=\"background-image: url(https:\/\/wakatelecom.com\/wp-content\/uploads\/2020\/04\/map-pattern-three.png);\"><\/div>\n\n\t<div class=\"auto-container\">\n\t\t<div class=\"row clearfix\">\n\t\t\t<div class=\"title-column col-xl-7 col-lg-12 col-md-12 col-sm-12\">\n\t\t\t\t<div class=\"inner\">\n\t\t\t\t\t<h2>Obt\u00e9n recomendaciones de nuestros expertos<\/h2>\n\t\t\t\t<\/div>\n\t\t\t<\/div>\n\t\t\t<div class=\"links-column col-xl-5 col-lg-12 col-md-12 col-sm-12\">\n\t\t\t\t<div class=\"inner\">\n\t\t\t\t\t<div class=\"links-box\">\n\t\t\t\t\t\t<a href=\"\/?page_id=111\" class=\"theme-btn btn-style-two\"><div class=\"btn-title\">Haz tu Petici\u00f3n<\/div><\/a>\n\t\t\t\t\t\t<a href=\"\" class=\"theme-btn btn-style-one\"><div class=\"btn-title\">Chatea con un Experto<\/div><\/a>\n\t\t\t\t\t<\/div>\n\t\t\t\t<\/div>\n\t\t\t<\/div>\n\t\t<\/div>\n\t<\/div>\n<\/section>\n\t\t\t\t<\/div>\n\t\t\t\t<\/div>\n\t\t\t\t\t<\/div>\n\t\t<\/div>\n\t\t\t\t\t\t\t<\/div>\n\t\t<\/section>\n\t\t\t\t\t\t\t<\/div>\n\t\t","protected":false},"excerpt":{"rendered":"<p>Dise\u00f1o Web Correo Corporativo Dise\u00f1o Web Posicionamiento: SEO, AdWords Publicidad Digital Resiliencia de Datos Contabilidad Informatizada: FrontAccounting WUBICA GPS Track Vigilante Consultor\u00eda T\u00e9cnica Related Downloads Perfil Empresarial (PDF) Folleto Informativo Nuestros Servicios \u00bfAlguna pregunta? \u00a1Ll\u00e1manos hoy! (+240) 555 281 169 info@wakatelecom.com Dise\u00f1o Web Nos sentimos orgullosos de formar parte del grupo de empresas tecnol\u00f3gicas que [&hellip;]<\/p>\n","protected":false},"author":1,"featured_media":0,"parent":0,"menu_order":0,"comment_status":"closed","ping_status":"closed","template":"tpl-default-elementor.php","meta":[],"_links":{"self":[{"href":"https:\/\/wakatelecom.com\/index.php?rest_route=\/wp\/v2\/pages\/101"}],"collection":[{"href":"https:\/\/wakatelecom.com\/index.php?rest_route=\/wp\/v2\/pages"}],"about":[{"href":"https:\/\/wakatelecom.com\/index.php?rest_route=\/wp\/v2\/types\/page"}],"author":[{"embeddable":true,"href":"https:\/\/wakatelecom.com\/index.php?rest_route=\/wp\/v2\/users\/1"}],"replies":[{"embeddable":true,"href":"https:\/\/wakatelecom.com\/index.php?rest_route=%2Fwp%2Fv2%2Fcomments&post=101"}],"version-history":[{"count":105,"href":"https:\/\/wakatelecom.com\/index.php?rest_route=\/wp\/v2\/pages\/101\/revisions"}],"predecessor-version":[{"id":4204,"href":"https:\/\/wakatelecom.com\/index.php?rest_route=\/wp\/v2\/pages\/101\/revisions\/4204"}],"wp:attachment":[{"href":"https:\/\/wakatelecom.com\/index.php?rest_route=%2Fwp%2Fv2%2Fmedia&parent=101"}],"curies":[{"name":"wp","href":"https:\/\/api.w.org\/{rel}","templated":true}]}}