{"id":111,"date":"2020-04-29T10:26:55","date_gmt":"2020-04-29T10:26:55","guid":{"rendered":"https:\/\/old4.commonsupport.com\/zentec\/?page_id=111"},"modified":"2022-08-26T23:47:21","modified_gmt":"2022-08-26T22:47:21","slug":"contact","status":"publish","type":"page","link":"https:\/\/wakatelecom.com\/?page_id=111","title":{"rendered":"Contact"},"content":{"rendered":"\t\t<div data-elementor-type=\"wp-page\" data-elementor-id=\"111\" class=\"elementor elementor-111\">\n\t\t\t\t\t\t\t\t\t<section class=\"elementor-section elementor-top-section elementor-element elementor-element-52936247 elementor-section-stretched elementor-section-full_width elementor-section-height-default elementor-section-height-default\" data-id=\"52936247\" data-element_type=\"section\" data-settings=\"{&quot;stretch_section&quot;:&quot;section-stretched&quot;}\">\n\t\t\t\t\t\t<div class=\"elementor-container elementor-column-gap-no\">\n\t\t\t\t\t<div class=\"elementor-column elementor-col-100 elementor-top-column elementor-element elementor-element-6b668359\" data-id=\"6b668359\" data-element_type=\"column\">\n\t\t\t<div class=\"elementor-widget-wrap elementor-element-populated\">\n\t\t\t\t\t\t\t\t<div class=\"elementor-element elementor-element-15f04c22 elementor-widget elementor-widget-zentec_page_title2\" data-id=\"15f04c22\" data-element_type=\"widget\" data-widget_type=\"zentec_page_title2.default\">\n\t\t\t\t<div class=\"elementor-widget-container\">\n\t\t\t<section class=\" inner-banner alternate\">\n\t<div class=\"image-layer\" style=\"background-image: url(https:\/\/wakatelecom.com\/wp-content\/uploads\/2020\/04\/banner-bg-2.jpg);\"><\/div>\n\t<div class=\"auto-container\">\n\t\t<div class=\"inner\">\n\t\t\t<div class=\"title-box\">\n\t\t\t\t<h1>Cont\u00e1ctanos<\/h1>\n\t\t\t\t<div class=\"d-text\"><\/div>\n\t\t\t<\/div>\n\t\t<\/div>\n\t<\/div>\n<\/section>\n\t\t\t\t<\/div>\n\t\t\t\t<\/div>\n\t\t\t\t\t<\/div>\n\t\t<\/div>\n\t\t\t\t\t\t\t<\/div>\n\t\t<\/section>\n\t\t\t\t<section class=\"elementor-section elementor-top-section elementor-element elementor-element-21b39d8 elementor-section-full_width elementor-section-height-default elementor-section-height-default\" data-id=\"21b39d8\" data-element_type=\"section\" data-settings=\"{&quot;background_background&quot;:&quot;classic&quot;}\">\n\t\t\t\t\t\t<div class=\"elementor-container elementor-column-gap-no\">\n\t\t\t\t\t<div class=\"elementor-column elementor-col-100 elementor-top-column elementor-element elementor-element-6c6850a4\" data-id=\"6c6850a4\" data-element_type=\"column\" data-settings=\"{&quot;background_background&quot;:&quot;classic&quot;}\">\n\t\t\t<div class=\"elementor-widget-wrap elementor-element-populated\">\n\t\t\t\t\t\t\t\t<div class=\"elementor-element elementor-element-151d2c04 elementor-widget elementor-widget-zentec_contact\" data-id=\"151d2c04\" data-element_type=\"widget\" data-widget_type=\"zentec_contact.default\">\n\t\t\t\t<div class=\"elementor-widget-container\">\n\t\t\t<section class=\" contact-section-two\">\n        <div class=\"auto-container\">\n            <div class=\"upper-row\">\n                <div class=\"row clearfix\">\n                    <!--Text Column-->\n                    <div class=\"text-column col-lg-6 col-md-12 col-sm-12\">\n                        <div class=\"inner\">\n\t\t\t\t\t\t\t\n                            <div class=\"sec-title\">\n                                <div class=\"upper-text\">Env\u00edanos un mensaje<\/div>\n                                <h2>\u00bfTienes alguna pregunta? Estamos dispuestos a asistirte\n<\/h2>\n                                <div class=\"lower-text\">Solicita informaci\u00f3n sobre nuestros servicios o cont\u00e1ctanos para cualquier otra petici\u00f3n tecnol\u00f3gica que tengas<\/div>\n                            <\/div>\n\n                            <div class=\"social-links\">\n                                <ul class=\"clearfix\">\n                                    \n\t\t\t\t\t\t\t\t\t\t\n\t\t\t\t\t\t\t\t\t\n\t\t\t\t\t\t\t\t\t<li><a href=\"\"><span class=\"\"><\/span><\/a><\/li>\n                                    \n\t\t\t\t\t\t\t\t\t                                <\/ul>\n                            <\/div>\n                        <\/div>\n                    <\/div>\n                    <!--Form Column-->\n                    <div class=\"form-column col-lg-6 col-md-12 col-sm-12\">\n                        <div class=\"inner\">\n                            <!--Form Box-->\n                            <div class=\"form-box\">\n                                <div class=\"default-form contact-form\">\n                                   \n<div class=\"wpcf7 no-js\" id=\"wpcf7-f3658-o1\" lang=\"en-US\" dir=\"ltr\">\n<div class=\"screen-reader-response\"><p role=\"status\" aria-live=\"polite\" aria-atomic=\"true\"><\/p> <ul><\/ul><\/div>\n<form action=\"\/index.php?rest_route=%2Fwp%2Fv2%2Fpages%2F111#wpcf7-f3658-o1\" method=\"post\" class=\"wpcf7-form init\" aria-label=\"Contact form\" novalidate=\"novalidate\" data-status=\"init\">\n<div style=\"display: none;\">\n<input type=\"hidden\" name=\"_wpcf7\" value=\"3658\" \/>\n<input type=\"hidden\" name=\"_wpcf7_version\" value=\"5.7.7\" \/>\n<input type=\"hidden\" name=\"_wpcf7_locale\" value=\"en_US\" \/>\n<input type=\"hidden\" name=\"_wpcf7_unit_tag\" value=\"wpcf7-f3658-o1\" \/>\n<input type=\"hidden\" name=\"_wpcf7_container_post\" value=\"0\" \/>\n<input type=\"hidden\" name=\"_wpcf7_posted_data_hash\" value=\"\" \/>\n<input type=\"hidden\" name=\"_wpcf7_recaptcha_response\" value=\"\" \/>\n<\/div>\n<div>\n\t<div class=\"row clearfix\">\n\t\t<div class=\"col-lg-6 col-md-6 col-sm-12 form-group\">\n\t\t\t<p><span class=\"wpcf7-form-control-wrap\" data-name=\"username\"><input size=\"40\" class=\"wpcf7-form-control wpcf7-text wpcf7-validates-as-required\" aria-required=\"true\" aria-invalid=\"false\" placeholder=\"Nombre\" value=\"\" type=\"text\" name=\"username\" \/><\/span>\n\t\t\t<\/p>\n\t\t<\/div>\n\t\t<div class=\"col-lg-6 col-md-6 col-sm-12 form-group\">\n\t\t\t<p><span class=\"wpcf7-form-control-wrap\" data-name=\"youremail\"><input size=\"40\" class=\"wpcf7-form-control wpcf7-text wpcf7-validates-as-required\" aria-required=\"true\" aria-invalid=\"false\" placeholder=\"tu-email@example.com\" value=\"\" type=\"text\" name=\"youremail\" \/><\/span>\n\t\t\t<\/p>\n\t\t<\/div>\n\t\t<div class=\"col-lg-6 col-md-6 col-sm-12 form-group\">\n\t\t\t<p><span class=\"wpcf7-form-control-wrap\" data-name=\"phone\"><input size=\"40\" class=\"wpcf7-form-control wpcf7-text wpcf7-validates-as-required\" aria-required=\"true\" aria-invalid=\"false\" placeholder=\"Tel\u00e9fono\" value=\"\" type=\"text\" name=\"phone\" \/><\/span>\n\t\t\t<\/p>\n\t\t<\/div>\n\t\t<div class=\"col-lg-6 col-md-6 col-sm-12 form-group\">\n\t\t\t<p><span class=\"wpcf7-form-control-wrap\" data-name=\"asunto\"><input size=\"40\" class=\"wpcf7-form-control wpcf7-text wpcf7-validates-as-required\" aria-required=\"true\" aria-invalid=\"false\" placeholder=\"Asunto\" value=\"\" type=\"text\" name=\"asunto\" \/><\/span>\n\t\t\t<\/p>\n\t\t<\/div>\n\t\t<div class=\"col-lg-12 col-md-12 col-sm-12 form-group\">\n\t\t\t<p><span class=\"wpcf7-form-control-wrap\" data-name=\"mensaje\"><textarea cols=\"40\" rows=\"10\" class=\"wpcf7-form-control wpcf7-textarea\" aria-invalid=\"false\" placeholder=\"Mensaje\" name=\"mensaje\"><\/textarea><\/span>\n\t\t\t<\/p>\n\t\t<\/div>\n\t\t<div class=\"form-group col-md-12 col-sm-12\">\n\t\t\t<p><button type=\"submit\" class=\"theme-btn btn-style-one\"><br \/>\n<span class=\"btn-title\">Enviar Solicitud<\/span><br \/>\n<\/button>\n\t\t\t<\/p>\n\t\t<\/div>\n\t<\/div>\n<\/div><div class=\"wpcf7-response-output\" aria-hidden=\"true\"><\/div>\n<\/form>\n<\/div>\n                                <\/div>\n                            <\/div>\n                        <\/div>\n                    <\/div>\n                <\/div>\n            <\/div>\n        <\/div>\n    <\/section>\n\t\t\t\t<\/div>\n\t\t\t\t<\/div>\n\t\t\t\t\t<\/div>\n\t\t<\/div>\n\t\t\t\t\t\t\t<\/div>\n\t\t<\/section>\n\t\t\t\t<section class=\"elementor-section elementor-top-section elementor-element elementor-element-4bb04f5c elementor-section-stretched elementor-section-full_width elementor-section-height-default elementor-section-height-default\" data-id=\"4bb04f5c\" data-element_type=\"section\" data-settings=\"{&quot;stretch_section&quot;:&quot;section-stretched&quot;}\">\n\t\t\t\t\t\t<div class=\"elementor-container elementor-column-gap-no\">\n\t\t\t\t\t<div class=\"elementor-column elementor-col-100 elementor-top-column elementor-element elementor-element-5e33ed3e\" data-id=\"5e33ed3e\" data-element_type=\"column\">\n\t\t\t<div class=\"elementor-widget-wrap elementor-element-populated\">\n\t\t\t\t\t\t\t\t<div class=\"elementor-element elementor-element-1f19da3 elementor-widget elementor-widget-zentec_calltoaction2\" data-id=\"1f19da3\" data-element_type=\"widget\" data-widget_type=\"zentec_calltoaction2.default\">\n\t\t\t\t<div class=\"elementor-widget-container\">\n\t\t\t<section class=\" call-to-action\">\n\t<div class=\"map-pattern-layer\" style=\"background-image: url(https:\/\/wakatelecom.com\/wp-content\/uploads\/2020\/04\/map-pattern-three.png);\"><\/div>\n\n\t<div class=\"auto-container\">\n\t\t<div class=\"row clearfix\">\n\t\t\t<div class=\"title-column col-xl-7 col-lg-12 col-md-12 col-sm-12\">\n\t\t\t\t<div class=\"inner\">\n\t\t\t\t\t<h2>\u00bfNecesitas soluciones inform\u00e1ticas?\nObt\u00e9n recomendaciones de nuestros profesionales.<\/h2>\n\t\t\t\t<\/div>\n\t\t\t<\/div>\n\t\t\t<div class=\"links-column col-xl-5 col-lg-12 col-md-12 col-sm-12\">\n\t\t\t\t<div class=\"inner\">\n\t\t\t\t\t<div class=\"links-box\">\n\t\t\t\t\t\t<a href=\"#\" class=\"theme-btn btn-style-two\"><div class=\"btn-title\">Solicita nuestros servicios<\/div><\/a>\n\t\t\t\t\t\t<a href=\"#\" class=\"theme-btn btn-style-one\"><div class=\"btn-title\">Chatea con un experto<\/div><\/a>\n\t\t\t\t\t<\/div>\n\t\t\t\t<\/div>\n\t\t\t<\/div>\n\t\t<\/div>\n\t<\/div>\n<\/section>\n\t\t\t\t<\/div>\n\t\t\t\t<\/div>\n\t\t\t\t\t<\/div>\n\t\t<\/div>\n\t\t\t\t\t\t\t<\/div>\n\t\t<\/section>\n\t\t\t\t\t\t\t<\/div>\n\t\t","protected":false},"excerpt":{"rendered":"<p>Cont\u00e1ctanos Env\u00edanos un mensaje \u00bfTienes alguna pregunta? Estamos dispuestos a asistirte Solicita informaci\u00f3n sobre nuestros servicios o cont\u00e1ctanos para cualquier otra petici\u00f3n tecnol\u00f3gica que tengas Enviar Solicitud \u00bfNecesitas soluciones inform\u00e1ticas? Obt\u00e9n recomendaciones de nuestros profesionales. Solicita nuestros servicios Chatea con un experto<\/p>\n","protected":false},"author":1,"featured_media":0,"parent":0,"menu_order":0,"comment_status":"closed","ping_status":"closed","template":"tpl-default-elementor.php","meta":[],"_links":{"self":[{"href":"https:\/\/wakatelecom.com\/index.php?rest_route=\/wp\/v2\/pages\/111"}],"collection":[{"href":"https:\/\/wakatelecom.com\/index.php?rest_route=\/wp\/v2\/pages"}],"about":[{"href":"https:\/\/wakatelecom.com\/index.php?rest_route=\/wp\/v2\/types\/page"}],"author":[{"embeddable":true,"href":"https:\/\/wakatelecom.com\/index.php?rest_route=\/wp\/v2\/users\/1"}],"replies":[{"embeddable":true,"href":"https:\/\/wakatelecom.com\/index.php?rest_route=%2Fwp%2Fv2%2Fcomments&post=111"}],"version-history":[{"count":43,"href":"https:\/\/wakatelecom.com\/index.php?rest_route=\/wp\/v2\/pages\/111\/revisions"}],"predecessor-version":[{"id":3667,"href":"https:\/\/wakatelecom.com\/index.php?rest_route=\/wp\/v2\/pages\/111\/revisions\/3667"}],"wp:attachment":[{"href":"https:\/\/wakatelecom.com\/index.php?rest_route=%2Fwp%2Fv2%2Fmedia&parent=111"}],"curies":[{"name":"wp","href":"https:\/\/api.w.org\/{rel}","templated":true}]}}