{"id":2354,"date":"2021-04-22T06:37:27","date_gmt":"2021-04-22T05:37:27","guid":{"rendered":"http:\/\/z.commonsupport.com\/zentec\/?page_id=2354"},"modified":"2025-08-02T09:20:48","modified_gmt":"2025-08-02T08:20:48","slug":"who-we-are","status":"publish","type":"page","link":"https:\/\/wakatelecom.com\/?page_id=2354","title":{"rendered":"Qui\u00e9nes Somos"},"content":{"rendered":"\t\t<div data-elementor-type=\"wp-page\" data-elementor-id=\"2354\" class=\"elementor elementor-2354\">\n\t\t\t\t\t\t\t\t\t<section class=\"elementor-section elementor-top-section elementor-element elementor-element-303690f elementor-section-full_width elementor-section-height-default elementor-section-height-default\" data-id=\"303690f\" data-element_type=\"section\">\n\t\t\t\t\t\t<div class=\"elementor-container elementor-column-gap-no\">\n\t\t\t\t\t<div class=\"elementor-column elementor-col-100 elementor-top-column elementor-element elementor-element-34aa053\" data-id=\"34aa053\" data-element_type=\"column\">\n\t\t\t<div class=\"elementor-widget-wrap elementor-element-populated\">\n\t\t\t\t\t\t\t\t<div class=\"elementor-element elementor-element-ce3dc19 elementor-widget elementor-widget-zentec_h5_chooseus\" data-id=\"ce3dc19\" data-element_type=\"widget\" data-widget_type=\"zentec_h5_chooseus.default\">\n\t\t\t\t<div class=\"elementor-widget-container\">\n\t\t\t\n\t\t<section class=\"chooseus-ex-section-two alternat-2 \">\n\t\t\t<div class=\"pattern-layer\">\n\t\t\t\t\t\t\t\t<div class=\"pattern-1\" style=\"background-image: url(https:\/\/wakatelecom.com\/wp-content\/uploads\/2021\/04\/shape-1.png);\">\n\t\t\t\t\t\t\t\t<\/div>\n\t\t\t\t\t\t\t\t<div class=\"pattern-2\" style=\"background-image: url(https:\/\/wakatelecom.com\/wp-content\/uploads\/2021\/04\/shape-9.png);\">\n\t\t\t\t\t\t\t\t<\/div>\n\t\t\t\t\t\t\t\t<div class=\"pattern-3\" style=\"background-image: url(https:\/\/wakatelecom.com\/wp-content\/uploads\/2021\/04\/shape-38.png);\">\n\t\t\t\t\t\t\t\t<\/div>\n\t\t\t\t\t\t\t\t<div class=\"pattern-4\" style=\"background-image: url(https:\/\/wakatelecom.com\/wp-content\/uploads\/2021\/04\/shape-39.png);\">\n\t\t\t\t\t\t\t\t<\/div>\n\t\t\t<\/div>\n\t\t\t<div class=\"auto-container\">\n\t\t\t\t<div class=\"row clearfix\">\n\t\t\t\t\t<div class=\"col-lg-6 col-md-12 col-sm-12 image-column\">\n\t\t\t\t\t\t<div class=\"image_block_7\">\n\t\t\t\t\t\t\t<div class=\"image-box\">\n\t\t\t\t\t\t\t\t<div class=\"shape\">\n\t\t\t\t\t\t\t\t\t<div class=\"shape-1\"><\/div>\n\t\t\t\t\t\t\t\t\t\t\t\t\t\t\t\t\t\t<div class=\"shape-2\" style=\"background-image: url(https:\/\/wakatelecom.com\/wp-content\/uploads\/2021\/04\/shape-37.png);\">\n\t\t\t\t\t\t\t\t\t\t\t\t\t\t\t\t\t\t<\/div>\n\t\t\t\t\t\t\t\t<\/div>\n\t\t\t\t\t\t\t\t<figure class=\"image image-1 wow fadeInRight\" data-wow-delay=\"0ms\" data-wow-duration=\"1500ms\">\n\t\t\t\t\t\t\t\t   \n\t\t\t\t\t\t\t\t<img decoding=\"async\" src=\"https:\/\/wakatelecom.com\/wp-content\/uploads\/2021\/04\/chooseus-3.jpg\" alt=\"\"\/>\n\t\t\t\t\t\t\t\t\t\t\t\t\t\t\t\t<\/figure>\n\t\t\t\t\t\t\t\t<figure class=\"image image-2 wow fadeInLeft\" data-wow-delay=\"0ms\" data-wow-duration=\"1500ms\">\n\t\t\t\t\t\t\t\t   \n\t\t\t\t\t\t\t\t<img decoding=\"async\" src=\"https:\/\/wakatelecom.com\/wp-content\/uploads\/2021\/04\/chooseus-4.jpg\" alt=\"\"\/>\n\t\t\t\t\t\t\t\t\t\t\t\t\t\t\t\t<\/figure>\n\t\t\t\t\t\t\t<\/div>\n\t\t\t\t\t\t<\/div>\n\t\t\t\t\t<\/div>\n\t\t\t\t\t<div class=\"col-lg-6 col-md-12 col-sm-12 content-column\">\n\t\t\t\t\t\t<div class=\"content_block_4\">\n\t\t\t\t\t\t\t<div class=\"content-box\">\n\t\t\t\t\t\t\t\t\t\t\t\t\t\t\t\t<div class=\"sec-title\">\n\t\t\t\t\t\t\t\t\t<div class=\"upper-text\"><\/div>\n\t\t\t\t\t\t\t\t\t<h2><strong>Por qu\u00e9 nos escogen nuestros clientes<\/strong><\/h2>\n\t\t\t\t\t\t\t\t\t\t\t\t\t\t\t\t\t\t<div class=\"icon\" style=\"background-image: url(https:\/\/wakatelecom.com\/wp-content\/uploads\/2021\/04\/icon-1.png);\">\n\t\t\t\t\t\t\t\t\t\t\t\t\t\t\t\t\t\t<\/div>\n\t\t\t\t\t\t\t\t<\/div>\n\t\t\t\t\t\t\t\t<div class=\"text\">\n\t\t\t\t\t\t\t\t\t<p>Waka Technologies & Telecom S.L. es una empresa dedicada a integraciones tecnol\u00f3gicas, desarrollando soluciones adaptadas a ti, a tu empresa y a tus empleados. Contamos con un grupo de profesionales capacitados para materializar tus proyectos, as\u00ed como alianzas estrat\u00e9gicas necesarias.<\/p>\n\t\t\t\t\t\t\t\t<\/div>\n\t\t\t\t\t\t\t\t\t\t\t\t\t\t\t\t<div class=\"inner-box\">\n\t\t\t\t\t\t\t\t\t\t\t\t\t\t\t\t\t\t<div class=\"single-item\">\n\t\t\t\t\t\t\t\t\t\t<div class=\"icon-box\"><i class=\"fas fa-people-carry\"><\/i><\/div>\n\t\t\t\t\t\t\t\t\t\t<h4>Experiencia<\/h4>\n\t\t\t\t\t\t\t\t\t\t<p>Nuestros profesionales suman m\u00e1s de 40 a\u00f1os de experiencia<\/p>\n\t\t\t\t\t\t\t\t\t<\/div>\n\t\t\t\t\t\t\t\t\t\t\t\t\t\t\t\t\t\t<div class=\"single-item\">\n\t\t\t\t\t\t\t\t\t\t<div class=\"icon-box\"><i class=\"far fa-check-circle\"><\/i><\/div>\n\t\t\t\t\t\t\t\t\t\t<h4>Facilidad de inicio<\/h4>\n\t\t\t\t\t\t\t\t\t\t<p>Estamos enteramente a disposici\u00f3n de nuestros clientes, facilitando de todas las maneras posibles la ejecuci\u00f3n de los proyectos<\/p>\n\t\t\t\t\t\t\t\t\t<\/div>\n\t\t\t\t\t\t\t\t\t\t\t\t\t\t\t\t\t<\/div>\n\t\t\t\t\t\t\t<\/div>\n\t\t\t\t\t\t<\/div>\n\t\t\t\t\t<\/div>\n\t\t\t\t<\/div>\n\t\t\t<\/div>\n\t\t<\/section>\n\t\n\t\t\t\t<\/div>\n\t\t\t\t<\/div>\n\t\t\t\t\t<\/div>\n\t\t<\/div>\n\t\t\t\t\t\t\t<\/div>\n\t\t<\/section>\n\t\t\t\t<section class=\"elementor-section elementor-top-section elementor-element elementor-element-0fa079a elementor-section-full_width elementor-section-height-default elementor-section-height-default\" data-id=\"0fa079a\" data-element_type=\"section\">\n\t\t\t\t\t\t<div class=\"elementor-container elementor-column-gap-no\">\n\t\t\t\t\t<div class=\"elementor-column elementor-col-100 elementor-top-column elementor-element elementor-element-46e49ac\" data-id=\"46e49ac\" data-element_type=\"column\">\n\t\t\t<div class=\"elementor-widget-wrap elementor-element-populated\">\n\t\t\t\t\t\t\t\t<div class=\"elementor-element elementor-element-e662e75 elementor-widget elementor-widget-zentec_h6_chooseus\" data-id=\"e662e75\" data-element_type=\"widget\" data-widget_type=\"zentec_h6_chooseus.default\">\n\t\t\t\t<div class=\"elementor-widget-container\">\n\t\t\t\t\t\n\t\t<section class=\"chooseus-ex-section \">\n\t\t\t<div class=\"outer-container clearfix\">\n\t\t\t\t<div class=\"left-column\">\n\t\t\t\t\t\t\t\t\t\t<div class=\"bg-layer\" style=\"background-image: url(https:\/\/wakatelecom.com\/wp-content\/uploads\/2022\/08\/Capture.jpg);\">\n\t\t\t\t\t\t\t\t\t\t<\/div>\n\t\t\t\t\t<div class=\"video-link\">\n\t\t\t\t\t\t<a href=\"https:\/\/www.youtube.com\/watch?v=jAywRNgZ4fw\" class=\"theme-btn lightbox-image\"><span class=\"fa fa-play\"><\/span><\/a>\n\t\t\t\t\t<\/div>\n\t\t\t\t<\/div>\n\t\t\t\t<div class=\"right-column\">\n\t\t\t\t\t<div class=\"pattern-layer\">\n\t\t\t\t\t\t   \n\t\t\t\t\t\t<div class=\"pattern-1\" style=\"background-image: url(https:\/\/wakatelecom.com\/wp-content\/uploads\/2021\/04\/shape-13.png);\">\n\t\t\t\t\t\t\t\t\t\t\t\t<\/div>\n\t\t\t\t\t\t\t\t\t\t\t\t<div class=\"pattern-2\" style=\"background-image: url(https:\/\/wakatelecom.com\/wp-content\/uploads\/2021\/04\/shape-14.png);\">\n\t\t\t\t\t\t\t\t\t\t\t\t<\/div>\n\t\t\t\t\t<\/div>\n\t\t\t\t\t<div class=\"content-inner\">\n\t\t\t\t\t\t<div class=\"content-box\">\n\t\t\t\t\t\t\t\t\t\t\t\t\t\t<div class=\"sec-title light\">\n\t\t\t\t\t\t\t\t<div class=\"upper-text\"><\/div>\n\t\t\t\t\t\t\t\t<h2><strong>Principales Servicios<\/strong><\/h2>\n\t\t\t\t\t\t\t\t\t\t\t\t\t\t\t\t<div class=\"icon\" style=\"background-image: url(https:\/\/wakatelecom.com\/wp-content\/uploads\/2021\/04\/icon-2.png);\">\n\t\t\t\t\t\t\t\t\t\t\t\t\t\t\t\t<\/div>\n\t\t\t\t\t\t\t<\/div>\n\t\t\t\t\t\t\t\t\t\t\t\t\t\t<div class=\"inner-box\">\n\t\t\t\t\t\t\t\t<div class=\"row clearfix\">\n\t\t\t\t\t\t\t\t\t\t\t\t\t\t\t\t\t\t<div class=\"col-lg-6 col-md-6 col-sm-12 column\">\n\t\t\t\t\t\t\t\t\t\t<div class=\"single-item\">\n\t\t\t\t\t\t\t\t\t\t\t<div class=\"icon-box\"><i class=\" flaticon-email\"><\/i><\/div>\n\t\t\t\t\t\t\t\t\t\t\t<h4>Email Corporativo<\/h4>\n\t\t\t\t\t\t\t\t\t\t\t<p>Proveemos email para empresas<\/p>\n\t\t\t\t\t\t\t\t\t\t<\/div>\n\t\t\t\t\t\t\t\t\t<\/div>\n\t\t\t\t\t\t\t\t\t\t\t\t\t\t\t\t\t\t<div class=\"col-lg-6 col-md-6 col-sm-12 column\">\n\t\t\t\t\t\t\t\t\t\t<div class=\"single-item\">\n\t\t\t\t\t\t\t\t\t\t\t<div class=\"icon-box\"><i class=\"fas fa-car\"><\/i><\/div>\n\t\t\t\t\t\t\t\t\t\t\t<h4>Telem\u00e1tica GPS<\/h4>\n\t\t\t\t\t\t\t\t\t\t\t<p>Sistemas de rastreo de veh\u00edculos<\/p>\n\t\t\t\t\t\t\t\t\t\t<\/div>\n\t\t\t\t\t\t\t\t\t<\/div>\n\t\t\t\t\t\t\t\t\t\t\t\t\t\t\t\t\t\t<div class=\"col-lg-6 col-md-6 col-sm-12 column\">\n\t\t\t\t\t\t\t\t\t\t<div class=\"single-item\">\n\t\t\t\t\t\t\t\t\t\t\t<div class=\"icon-box\"><i class=\"fab fa-internet-explorer\"><\/i><\/div>\n\t\t\t\t\t\t\t\t\t\t\t<h4>Dise\u00f1o Web<\/h4>\n\t\t\t\t\t\t\t\t\t\t\t<p>Dise\u00f1o de p\u00e1ginas web<\/p>\n\t\t\t\t\t\t\t\t\t\t<\/div>\n\t\t\t\t\t\t\t\t\t<\/div>\n\t\t\t\t\t\t\t\t\t\t\t\t\t\t\t\t\t\t<div class=\"col-lg-6 col-md-6 col-sm-12 column\">\n\t\t\t\t\t\t\t\t\t\t<div class=\"single-item\">\n\t\t\t\t\t\t\t\t\t\t\t<div class=\"icon-box\"><i class=\"fab fa-google\"><\/i><\/div>\n\t\t\t\t\t\t\t\t\t\t\t<h4>Alta en buscadores<\/h4>\n\t\t\t\t\t\t\t\t\t\t\t<p>Hacemos que tu empresa aparezca en las b\u00fasquedas en l\u00ednea<\/p>\n\t\t\t\t\t\t\t\t\t\t<\/div>\n\t\t\t\t\t\t\t\t\t<\/div>\n\t\t\t\t\t\t\t\t\t\t\t\t\t\t\t\t\t<\/div>\n\t\t\t\t\t\t\t<\/div>\n\t\t\t\t\t\t<\/div>\n\t\t\t\t\t<\/div>\n\t\t\t\t<\/div>\n\t\t\t<\/div>\n\t\t<\/section>\n\t\n\t\t\t\t<\/div>\n\t\t\t\t<\/div>\n\t\t\t\t<div class=\"elementor-element elementor-element-e6befa2 elementor-widget elementor-widget-menu-anchor\" data-id=\"e6befa2\" data-element_type=\"widget\" data-widget_type=\"menu-anchor.default\">\n\t\t\t\t<div class=\"elementor-widget-container\">\n\t\t\t<style>\/*! elementor - v3.11.3 - 07-03-2023 *\/\nbody.elementor-page .elementor-widget-menu-anchor{margin-bottom:0}<\/style>\t\t<div id=\"clientes\" class=\"elementor-menu-anchor\"><\/div>\n\t\t\t\t<\/div>\n\t\t\t\t<\/div>\n\t\t\t\t\t<\/div>\n\t\t<\/div>\n\t\t\t\t\t\t\t<\/div>\n\t\t<\/section>\n\t\t\t\t<section class=\"elementor-section elementor-top-section elementor-element elementor-element-f786158 elementor-section-full_width elementor-section-height-default elementor-section-height-default\" data-id=\"f786158\" data-element_type=\"section\">\n\t\t\t\t\t\t\t<div class=\"elementor-background-overlay\"><\/div>\n\t\t\t\t\t\t\t<div class=\"elementor-container elementor-column-gap-default\">\n\t\t\t\t\t<div class=\"elementor-column elementor-col-100 elementor-top-column elementor-element elementor-element-ef0776b\" data-id=\"ef0776b\" data-element_type=\"column\">\n\t\t\t<div class=\"elementor-widget-wrap elementor-element-populated\">\n\t\t\t\t\t\t\t\t<div class=\"elementor-element elementor-element-a5feec6 animated-slow elementor-invisible elementor-widget elementor-widget-heading\" data-id=\"a5feec6\" data-element_type=\"widget\" data-settings=\"{&quot;_animation&quot;:&quot;lightSpeedIn&quot;,&quot;_animation_delay&quot;:0}\" data-widget_type=\"heading.default\">\n\t\t\t\t<div class=\"elementor-widget-container\">\n\t\t\t<style>\/*! elementor - v3.11.3 - 07-03-2023 *\/\n.elementor-heading-title{padding:0;margin:0;line-height:1}.elementor-widget-heading .elementor-heading-title[class*=elementor-size-]>a{color:inherit;font-size:inherit;line-height:inherit}.elementor-widget-heading .elementor-heading-title.elementor-size-small{font-size:15px}.elementor-widget-heading .elementor-heading-title.elementor-size-medium{font-size:19px}.elementor-widget-heading .elementor-heading-title.elementor-size-large{font-size:29px}.elementor-widget-heading .elementor-heading-title.elementor-size-xl{font-size:39px}.elementor-widget-heading .elementor-heading-title.elementor-size-xxl{font-size:59px}<\/style><h2 class=\"elementor-heading-title elementor-size-default\">Algunos de Nuestros Clientes<\/h2>\t\t<\/div>\n\t\t\t\t<\/div>\n\t\t\t\t\t<\/div>\n\t\t<\/div>\n\t\t\t\t\t\t\t<\/div>\n\t\t<\/section>\n\t\t\t\t<section class=\"elementor-section elementor-top-section elementor-element elementor-element-67f992c elementor-section-boxed elementor-section-height-default elementor-section-height-default\" data-id=\"67f992c\" data-element_type=\"section\">\n\t\t\t\t\t\t<div class=\"elementor-container elementor-column-gap-default\">\n\t\t\t\t\t<div class=\"elementor-column elementor-col-100 elementor-top-column elementor-element elementor-element-1a2ad2b\" data-id=\"1a2ad2b\" data-element_type=\"column\">\n\t\t\t<div class=\"elementor-widget-wrap elementor-element-populated\">\n\t\t\t\t\t\t\t\t<div class=\"elementor-element elementor-element-ade3997 elementor-widget__width-inherit elementor-widget elementor-widget-image-carousel\" data-id=\"ade3997\" data-element_type=\"widget\" data-settings=\"{&quot;slides_to_show&quot;:&quot;5&quot;,&quot;slides_to_scroll&quot;:&quot;1&quot;,&quot;navigation&quot;:&quot;none&quot;,&quot;pause_on_hover&quot;:&quot;no&quot;,&quot;pause_on_interaction&quot;:&quot;no&quot;,&quot;autoplay_speed&quot;:2000,&quot;autoplay&quot;:&quot;yes&quot;,&quot;infinite&quot;:&quot;yes&quot;,&quot;speed&quot;:500}\" data-widget_type=\"image-carousel.default\">\n\t\t\t\t<div class=\"elementor-widget-container\">\n\t\t\t<style>\/*! elementor - v3.11.3 - 07-03-2023 *\/\n.elementor-widget-image-carousel .swiper,.elementor-widget-image-carousel .swiper-container{position:static}.elementor-widget-image-carousel .swiper-container .swiper-slide figure,.elementor-widget-image-carousel .swiper .swiper-slide figure{line-height:inherit}.elementor-widget-image-carousel .swiper-slide{text-align:center}.elementor-image-carousel-wrapper:not(.swiper-container-initialized) .swiper-slide,.elementor-image-carousel-wrapper:not(.swiper-initialized) .swiper-slide{max-width:calc(100% \/ var(--e-image-carousel-slides-to-show, 3))}<\/style>\t\t<div class=\"elementor-image-carousel-wrapper swiper-container\" dir=\"ltr\">\n\t\t\t<div class=\"elementor-image-carousel swiper-wrapper swiper-image-stretch\">\n\t\t\t\t\t\t\t\t<div class=\"swiper-slide\"><figure class=\"swiper-slide-inner\"><img decoding=\"async\" class=\"swiper-slide-image\" src=\"https:\/\/wakatelecom.com\/wp-content\/uploads\/2024\/07\/logomegpl_tr.png\" alt=\"logomegpl_tr\" \/><\/figure><\/div><div class=\"swiper-slide\"><figure class=\"swiper-slide-inner\"><img decoding=\"async\" class=\"swiper-slide-image\" src=\"https:\/\/wakatelecom.com\/wp-content\/uploads\/2024\/07\/logo-300x201-1.png\" alt=\"logo-300x201\" \/><\/figure><\/div><div class=\"swiper-slide\"><figure class=\"swiper-slide-inner\"><img decoding=\"async\" class=\"swiper-slide-image\" src=\"https:\/\/wakatelecom.com\/wp-content\/uploads\/2024\/07\/logoeglng-EGLogoTrade-p-300.png\" alt=\"logoeglng-EGLogoTrade-p-300\" \/><\/figure><\/div><div class=\"swiper-slide\"><figure class=\"swiper-slide-inner\"><img decoding=\"async\" class=\"swiper-slide-image\" src=\"https:\/\/wakatelecom.com\/wp-content\/uploads\/2022\/08\/logo-1024x1024.jpeg\" alt=\"PRISMA S.L.\" \/><\/figure><\/div><div class=\"swiper-slide\"><figure class=\"swiper-slide-inner\"><img decoding=\"async\" class=\"swiper-slide-image\" src=\"https:\/\/wakatelecom.com\/wp-content\/uploads\/2022\/08\/anacostalogo-1024x1024.jpeg\" alt=\"FUNDACI\u00d3N ANA COSTA\" \/><\/figure><\/div><div class=\"swiper-slide\"><figure class=\"swiper-slide-inner\"><img decoding=\"async\" class=\"swiper-slide-image\" src=\"https:\/\/wakatelecom.com\/wp-content\/uploads\/2023\/05\/logoakondoonluis.png\" alt=\"AKON-DONLUIS\" \/><\/figure><\/div><div class=\"swiper-slide\"><figure class=\"swiper-slide-inner\"><img decoding=\"async\" class=\"swiper-slide-image\" src=\"https:\/\/wakatelecom.com\/wp-content\/uploads\/2023\/05\/milobilogo.png\" alt=\"MILOBI GS\" \/><\/figure><\/div><div class=\"swiper-slide\"><figure class=\"swiper-slide-inner\"><img decoding=\"async\" class=\"swiper-slide-image\" src=\"https:\/\/wakatelecom.com\/wp-content\/uploads\/2023\/03\/logo-e1677969274914.png\" alt=\"GLOBAL SERVICES\" \/><\/figure><\/div><div class=\"swiper-slide\"><figure class=\"swiper-slide-inner\"><img decoding=\"async\" class=\"swiper-slide-image\" src=\"https:\/\/wakatelecom.com\/wp-content\/uploads\/2022\/09\/logolow.jpg\" alt=\"logolow\" \/><\/figure><\/div><div class=\"swiper-slide\"><figure class=\"swiper-slide-inner\"><img decoding=\"async\" class=\"swiper-slide-image\" src=\"https:\/\/wakatelecom.com\/wp-content\/uploads\/2022\/08\/logo350-2.jpg\" alt=\"BERCOM SERVICES S.L.\" \/><\/figure><\/div><div class=\"swiper-slide\"><figure class=\"swiper-slide-inner\"><img decoding=\"async\" class=\"swiper-slide-image\" src=\"https:\/\/wakatelecom.com\/wp-content\/uploads\/2022\/08\/logo350-1.jpg\" alt=\"ANAVGE\" \/><\/figure><\/div><div class=\"swiper-slide\"><figure class=\"swiper-slide-inner\"><img decoding=\"async\" class=\"swiper-slide-image\" src=\"https:\/\/wakatelecom.com\/wp-content\/uploads\/2022\/08\/logo-1.png\" alt=\"SESVA\" \/><\/figure><\/div><div class=\"swiper-slide\"><figure class=\"swiper-slide-inner\"><img decoding=\"async\" class=\"swiper-slide-image\" src=\"https:\/\/wakatelecom.com\/wp-content\/uploads\/2022\/08\/logo350.jpg\" alt=\"MITUY GRAL. SERVICES S.L.\" \/><\/figure><\/div><div class=\"swiper-slide\"><figure class=\"swiper-slide-inner\"><img decoding=\"async\" class=\"swiper-slide-image\" src=\"https:\/\/wakatelecom.com\/wp-content\/uploads\/2022\/08\/aacapital-nobkg-350.png\" alt=\"AA CAPITAL\" \/><\/figure><\/div><div class=\"swiper-slide\"><figure class=\"swiper-slide-inner\"><img decoding=\"async\" class=\"swiper-slide-image\" src=\"https:\/\/wakatelecom.com\/wp-content\/uploads\/2022\/08\/logo-1.jpg\" alt=\"GLOAL BUSINESS SUPPLY E.G. S.L.\" \/><\/figure><\/div><div class=\"swiper-slide\"><figure class=\"swiper-slide-inner\"><img decoding=\"async\" class=\"swiper-slide-image\" src=\"https:\/\/wakatelecom.com\/wp-content\/uploads\/2022\/08\/logonahscotr350.png\" alt=\"NAHSCO\" \/><\/figure><\/div><div class=\"swiper-slide\"><figure class=\"swiper-slide-inner\"><img decoding=\"async\" class=\"swiper-slide-image\" src=\"https:\/\/wakatelecom.com\/wp-content\/uploads\/2022\/08\/logo350.png\" alt=\"U CONSULTING S.L.\" \/><\/figure><\/div><div class=\"swiper-slide\"><figure class=\"swiper-slide-inner\"><img decoding=\"async\" class=\"swiper-slide-image\" src=\"https:\/\/wakatelecom.com\/wp-content\/uploads\/2022\/08\/logo350rtfc.png\" alt=\"REAL TEKA C.F.\" \/><\/figure><\/div><div class=\"swiper-slide\"><figure class=\"swiper-slide-inner\"><img decoding=\"async\" class=\"swiper-slide-image\" src=\"https:\/\/wakatelecom.com\/wp-content\/uploads\/2022\/08\/egrs-transparent-1024x1024.png\" alt=\"EGRS S.L.\" \/><\/figure><\/div><div class=\"swiper-slide\"><figure class=\"swiper-slide-inner\"><img decoding=\"async\" class=\"swiper-slide-image\" src=\"https:\/\/wakatelecom.com\/wp-content\/uploads\/2022\/08\/FT_01-1024x1024.png\" alt=\"WAKABUMA\" \/><\/figure><\/div><div class=\"swiper-slide\"><figure class=\"swiper-slide-inner\"><img decoding=\"async\" class=\"swiper-slide-image\" src=\"https:\/\/wakatelecom.com\/wp-content\/uploads\/2022\/08\/logowsend480.png\" alt=\"WAKA SEND S.L.\" \/><\/figure><\/div><div class=\"swiper-slide\"><figure class=\"swiper-slide-inner\"><img decoding=\"async\" class=\"swiper-slide-image\" src=\"https:\/\/wakatelecom.com\/wp-content\/uploads\/2022\/08\/viajaypunto350.png\" alt=\"VIAJA Y PUNTO\" \/><\/figure><\/div><div class=\"swiper-slide\"><figure class=\"swiper-slide-inner\"><img decoding=\"async\" class=\"swiper-slide-image\" src=\"https:\/\/wakatelecom.com\/wp-content\/uploads\/2022\/08\/madinsl350.png\" alt=\"MADIN\" \/><\/figure><\/div><div class=\"swiper-slide\"><figure class=\"swiper-slide-inner\"><img decoding=\"async\" class=\"swiper-slide-image\" src=\"https:\/\/wakatelecom.com\/wp-content\/uploads\/2022\/08\/grupomemba350.png\" alt=\"GRUPO MEMBA\" \/><\/figure><\/div><div class=\"swiper-slide\"><figure class=\"swiper-slide-inner\"><img decoding=\"async\" class=\"swiper-slide-image\" src=\"https:\/\/wakatelecom.com\/wp-content\/uploads\/2022\/08\/globalvision350.png\" alt=\"MIRAM\u00c1S \u00d3PTICAS\" \/><\/figure><\/div><div class=\"swiper-slide\"><figure class=\"swiper-slide-inner\"><img decoding=\"async\" class=\"swiper-slide-image\" src=\"https:\/\/wakatelecom.com\/wp-content\/uploads\/2022\/08\/fbservice350.png\" alt=\"FB SERVICES S.L.\" \/><\/figure><\/div><div class=\"swiper-slide\"><figure class=\"swiper-slide-inner\"><img decoding=\"async\" class=\"swiper-slide-image\" src=\"https:\/\/wakatelecom.com\/wp-content\/uploads\/2022\/08\/equatorialresources350.png\" alt=\"EQUATORIAL RESOURCES\" \/><\/figure><\/div><div class=\"swiper-slide\"><figure class=\"swiper-slide-inner\"><img decoding=\"async\" class=\"swiper-slide-image\" src=\"https:\/\/wakatelecom.com\/wp-content\/uploads\/2022\/08\/egosco350.png\" alt=\"EGOS CO\" \/><\/figure><\/div><div class=\"swiper-slide\"><figure class=\"swiper-slide-inner\"><img decoding=\"async\" class=\"swiper-slide-image\" src=\"https:\/\/wakatelecom.com\/wp-content\/uploads\/2022\/08\/ebeyegs350.png\" alt=\"EBEYE GENERAL SERVICES\" \/><\/figure><\/div><div class=\"swiper-slide\"><figure class=\"swiper-slide-inner\"><img decoding=\"async\" class=\"swiper-slide-image\" src=\"https:\/\/wakatelecom.com\/wp-content\/uploads\/2022\/08\/bikeandtech.png\" alt=\"BIKE &amp; TECH\" \/><\/figure><\/div><div class=\"swiper-slide\"><figure class=\"swiper-slide-inner\"><img decoding=\"async\" class=\"swiper-slide-image\" src=\"https:\/\/wakatelecom.com\/wp-content\/uploads\/2022\/08\/canalsol350.png\" alt=\"CANAL SOL S.A.\" \/><\/figure><\/div><div class=\"swiper-slide\"><figure class=\"swiper-slide-inner\"><img decoding=\"async\" class=\"swiper-slide-image\" src=\"https:\/\/wakatelecom.com\/wp-content\/uploads\/2022\/08\/afroservice350.png\" alt=\"AFRO SERVICE S.L.\" \/><\/figure><\/div><div class=\"swiper-slide\"><figure class=\"swiper-slide-inner\"><img decoding=\"async\" class=\"swiper-slide-image\" src=\"https:\/\/wakatelecom.com\/wp-content\/uploads\/2025\/08\/logo-e1754121821583.jpg\" alt=\"logo\" \/><\/figure><\/div>\t\t\t<\/div>\n\t\t\t\t\t\t\t\t\t\t\t\t\t\t\t\t<\/div>\n\t\t\t\t<\/div>\n\t\t\t\t<\/div>\n\t\t\t\t<div class=\"elementor-element elementor-element-081bdcb elementor-widget elementor-widget-spacer\" data-id=\"081bdcb\" data-element_type=\"widget\" data-widget_type=\"spacer.default\">\n\t\t\t\t<div class=\"elementor-widget-container\">\n\t\t\t<style>\/*! elementor - v3.11.3 - 07-03-2023 *\/\n.elementor-column .elementor-spacer-inner{height:var(--spacer-size)}.e-con{--container-widget-width:100%}.e-con-inner>.elementor-widget-spacer,.e-con>.elementor-widget-spacer{width:var(--container-widget-width,var(--spacer-size));--align-self:var(--container-widget-align-self,initial);--flex-shrink:0}.e-con-inner>.elementor-widget-spacer>.elementor-widget-container,.e-con-inner>.elementor-widget-spacer>.elementor-widget-container>.elementor-spacer,.e-con>.elementor-widget-spacer>.elementor-widget-container,.e-con>.elementor-widget-spacer>.elementor-widget-container>.elementor-spacer{height:100%}.e-con-inner>.elementor-widget-spacer>.elementor-widget-container>.elementor-spacer>.elementor-spacer-inner,.e-con>.elementor-widget-spacer>.elementor-widget-container>.elementor-spacer>.elementor-spacer-inner{height:var(--container-widget-height,var(--spacer-size))}<\/style>\t\t<div class=\"elementor-spacer\">\n\t\t\t<div class=\"elementor-spacer-inner\"><\/div>\n\t\t<\/div>\n\t\t\t\t<\/div>\n\t\t\t\t<\/div>\n\t\t\t\t\t<\/div>\n\t\t<\/div>\n\t\t\t\t\t\t\t<\/div>\n\t\t<\/section>\n\t\t\t\t\t\t\t<\/div>\n\t\t","protected":false},"excerpt":{"rendered":"<p>Por qu\u00e9 nos escogen nuestros clientes Waka Technologies &#038; Telecom S.L. es una empresa dedicada a integraciones tecnol\u00f3gicas, desarrollando soluciones adaptadas a ti, a tu empresa y a tus empleados. Contamos con un grupo de profesionales capacitados para materializar tus proyectos, as\u00ed como alianzas estrat\u00e9gicas necesarias. Experiencia Nuestros profesionales suman m\u00e1s de 40 a\u00f1os de [&hellip;]<\/p>\n","protected":false},"author":1,"featured_media":0,"parent":0,"menu_order":0,"comment_status":"closed","ping_status":"closed","template":"tpl-default-elementor.php","meta":[],"_links":{"self":[{"href":"https:\/\/wakatelecom.com\/index.php?rest_route=\/wp\/v2\/pages\/2354"}],"collection":[{"href":"https:\/\/wakatelecom.com\/index.php?rest_route=\/wp\/v2\/pages"}],"about":[{"href":"https:\/\/wakatelecom.com\/index.php?rest_route=\/wp\/v2\/types\/page"}],"author":[{"embeddable":true,"href":"https:\/\/wakatelecom.com\/index.php?rest_route=\/wp\/v2\/users\/1"}],"replies":[{"embeddable":true,"href":"https:\/\/wakatelecom.com\/index.php?rest_route=%2Fwp%2Fv2%2Fcomments&post=2354"}],"version-history":[{"count":140,"href":"https:\/\/wakatelecom.com\/index.php?rest_route=\/wp\/v2\/pages\/2354\/revisions"}],"predecessor-version":[{"id":4279,"href":"https:\/\/wakatelecom.com\/index.php?rest_route=\/wp\/v2\/pages\/2354\/revisions\/4279"}],"wp:attachment":[{"href":"https:\/\/wakatelecom.com\/index.php?rest_route=%2Fwp%2Fv2%2Fmedia&parent=2354"}],"curies":[{"name":"wp","href":"https:\/\/api.w.org\/{rel}","templated":true}]}}