{"id":3,"date":"2022-06-04T04:42:35","date_gmt":"2022-06-04T03:42:35","guid":{"rendered":"https:\/\/wakatelecom.com\/?page_id=3"},"modified":"2022-08-29T23:32:51","modified_gmt":"2022-08-29T22:32:51","slug":"privacy-policy-2","status":"publish","type":"page","link":"https:\/\/wakatelecom.com\/?page_id=3","title":{"rendered":"Pol\u00edtica de Privacidad"},"content":{"rendered":"\t\t<div data-elementor-type=\"wp-page\" data-elementor-id=\"3\" class=\"elementor elementor-3\">\n\t\t\t\t\t\t\t\t\t<section class=\"elementor-section elementor-top-section elementor-element elementor-element-4f2f74d elementor-section-full_width elementor-section-height-default elementor-section-height-default\" data-id=\"4f2f74d\" data-element_type=\"section\">\n\t\t\t\t\t\t<div class=\"elementor-container elementor-column-gap-default\">\n\t\t\t\t\t<div class=\"elementor-column elementor-col-100 elementor-top-column elementor-element elementor-element-48815c30\" data-id=\"48815c30\" data-element_type=\"column\">\n\t\t\t<div class=\"elementor-widget-wrap elementor-element-populated\">\n\t\t\t\t\t\t\t\t<div class=\"elementor-element elementor-element-5f317a7c elementor-widget elementor-widget-text-editor\" data-id=\"5f317a7c\" data-element_type=\"widget\" data-widget_type=\"text-editor.default\">\n\t\t\t\t<div class=\"elementor-widget-container\">\n\t\t\t<style>\/*! elementor - v3.11.3 - 07-03-2023 *\/\n.elementor-widget-text-editor.elementor-drop-cap-view-stacked .elementor-drop-cap{background-color:#818a91;color:#fff}.elementor-widget-text-editor.elementor-drop-cap-view-framed .elementor-drop-cap{color:#818a91;border:3px solid;background-color:transparent}.elementor-widget-text-editor:not(.elementor-drop-cap-view-default) .elementor-drop-cap{margin-top:8px}.elementor-widget-text-editor:not(.elementor-drop-cap-view-default) .elementor-drop-cap-letter{width:1em;height:1em}.elementor-widget-text-editor .elementor-drop-cap{float:left;text-align:center;line-height:1;font-size:50px}.elementor-widget-text-editor .elementor-drop-cap-letter{display:inline-block}<\/style>\t\t\t\t<!-- wp:heading -->\n<h2><strong>Datos de la Compa\u00f1\u00eda<\/strong><\/h2>\n<!-- \/wp:heading --><!-- wp:paragraph -->\n<p>Sitio web: <strong>https:\/\/wakatelecom.com<br \/><\/strong>Denominaci\u00f3n:<strong> Waka Technologies &amp; Telecom S.L.<br \/><\/strong>Tipo de compa\u00f1\u00eda: <strong>Sociedad Limitada<br \/><\/strong>Direcci\u00f3n: <strong>Barrio Alcaide.<br \/><\/strong>Localidad:<strong> Malabo<br \/><\/strong>Pa\u00eds: <strong>Guinea Ecuatorial.<br \/><\/strong>NIF: <strong>00414WT-19<\/strong><\/p>\n<!-- \/wp:paragraph --><!-- wp:paragraph --><!-- \/wp:paragraph --><!-- wp:heading -->\n<h2><strong>Comentarios<\/strong><\/h2>\n<!-- \/wp:heading --><!-- wp:paragraph -->\n<p>Cuando los visitantes dejan comentarios en el sitio, recopilamos los datos que se muestran en el formulario de comentarios, y tambi\u00e9n la direcci\u00f3n IP del visitante y la cadena del agente de usuario del navegador para ayudar a la detecci\u00f3n de spam.<\/p>\n<p><em>When visitors leave comments on the site we collect the data shown in the comments form, and also the visitor\u2019s IP address and browser user agent string to help spam detection.<\/em><\/p>\n<!-- \/wp:paragraph --><!-- wp:paragraph -->\n<p>Se puede proporcionar una cadena an\u00f3nima creada a partir de tu direcci\u00f3n de correo electr\u00f3nico (tambi\u00e9n llamada hash) al servicio Gravatar para ver si la est\u00e1 utilizando. La pol\u00edtica de privacidad del servicio Gravatar est\u00e1 disponible aqu\u00ed: <a href=\"https:\/\/automattic.com\/privacy\/\">https:\/\/automattic.com\/privacy\/<\/a>. Despu\u00e9s de la aprobaci\u00f3n de tu comentario, tu foto de perfil es visible para el p\u00fablico en el contexto de tu comentario.<\/p>\n<p>An anonymized string created from your email address (also called a hash) may be provided to the Gravatar service to see if you are using it. The Gravatar service privacy policy is available here: https:\/\/automattic.com\/privacy\/. After approval of your comment, your profile picture is visible to the public in the context of your comment.<\/p>\n<!-- \/wp:paragraph --><!-- wp:heading -->\n<h2><strong>Medios de Comunicaci\u00f3n<\/strong><\/h2>\n<!-- \/wp:heading --><!-- wp:paragraph -->\n<p>Si subes im\u00e1genes al sitio web, debes evitar subir im\u00e1genes con datos de ubicaci\u00f3n incrustados (GPS EXIF) incluidos. Los visitantes del sitio web pueden descargar y extraer cualquier dato de ubicaci\u00f3n de las im\u00e1genes del sitio web.<\/p>\n<p><em>If you upload images to the website, you should avoid uploading images with embedded location data (EXIF GPS) included. Visitors to the website can download and extract any location data from images on the website.<\/em><\/p>\n<!-- \/wp:paragraph --><!-- wp:heading -->\n<h2><strong>Cookies<\/strong><\/h2>\n<!-- \/wp:heading --><!-- wp:paragraph -->\n<p>Si dejas un comentario en nuestro sitio, puedes optar por guardar tu nombre, direcci\u00f3n de correo electr\u00f3nico y sitio web en cookies. Estos son para tu comodidad, para que no tengas que volver a rellenar tus datos cuando dejes otro comentario. Estas cookies tendr\u00e1n una duraci\u00f3n de un a\u00f1o.<\/p>\n<p>Si visitas nuestra p\u00e1gina de inicio de sesi\u00f3n, estableceremos una cookie temporal para determinar si tu navegador acepta cookies. Esta cookie no contiene datos personales y se descarta cuando cierras tu navegador.<\/p>\n<p>Cuando inicies sesi\u00f3n, tambi\u00e9n configuraremos varias cookies para guardar tu informaci\u00f3n de inicio de sesi\u00f3n y tus opciones de visualizaci\u00f3n de pantalla. Las cookies de inicio de sesi\u00f3n duran dos d\u00edas y las cookies de opciones de pantalla duran un a\u00f1o. Si seleccionas &#8220;Recordarme&#8221;, tu inicio de sesi\u00f3n persistir\u00e1 durante dos semanas. Si cierras sesi\u00f3n en tu cuenta, se eliminar\u00e1n las cookies de inicio de sesi\u00f3n.<\/p>\n<p>Si editas o publicas un art\u00edculo, se guardar\u00e1 una cookie adicional en tu navegador. Esta cookie no incluye datos personales y simplemente indica el ID de publicaci\u00f3n del art\u00edculo que acabas de editar. Caduca al cabo de 1 d\u00eda.<\/p>\n<p><em>If you leave a comment on our site you may opt-in to saving your name, email address and website in cookies. These are for your convenience so that you do not have to fill in your details again when you leave another comment. These cookies will last for one year.<\/em><\/p>\n<p><em><!-- \/wp:paragraph --><!-- wp:paragraph --><\/em><\/p>\n<p><em>If you visit our login page, we will set a temporary cookie to determine if your browser accepts cookies. This cookie contains no personal data and is discarded when you close your browser.<\/em><\/p>\n<p><em><!-- \/wp:paragraph --><!-- wp:paragraph --><\/em><\/p>\n<p><em>When you log in, we will also set up several cookies to save your login information and your screen display choices. Login cookies last for two days, and screen options cookies last for a year. If you select &#8220;Remember Me&#8221;, your login will persist for two weeks. If you log out of your account, the login cookies will be removed.<\/em><\/p>\n<p><em><!-- \/wp:paragraph --><!-- wp:paragraph --><\/em><\/p>\n<p><em>If you edit or publish an article, an additional cookie will be saved in your browser. This cookie includes no personal data and simply indicates the post ID of the article you just edited. It expires after 1 day.<\/em><\/p>\n<p><em><!-- \/wp:paragraph --><!-- wp:heading --><\/em><\/p>\n<h2><strong>Contenido incrustado de otros sitios web<\/strong><\/h2>\n<!-- \/wp:heading --><!-- wp:paragraph -->\n<p>Los art\u00edculos en este sitio pueden incluir contenido incrustado (por ejemplo, v\u00eddeos, im\u00e1genes, art\u00edculos, etc.) El contenido incrustado de otros sitios web se comporta exactamente de la misma manera que si el visitante hubiera visitado el otro sitio web.<\/p>\n<p>Estos sitios web pueden recopilar datos sobre ti, usar cookies, incrustar un seguimiento adicional de terceros y monitorear tu interacci\u00f3n con ese contenido incrustado, incluido el seguimiento de tu interacci\u00f3n con el contenido incrustado si tienes una cuenta y has iniciado sesi\u00f3n en ese sitio web.<\/p>\n<p><em>Articles on this site may include embedded content (e.g. videos, images, articles, etc.). Embedded content from other websites behaves in the exact same way as if the visitor has visited the other website.<\/em><\/p>\n<p><em><!-- \/wp:paragraph --><!-- wp:paragraph --><\/em><\/p>\n<p><em>These websites may collect data about you, use cookies, embed additional third-party tracking, and monitor your interaction with that embedded content, including tracking your interaction with the embedded content if you have an account and are logged in to that website.<\/em><\/p>\n<!-- \/wp:paragraph --><!-- wp:heading -->\n<h2><strong>Con qui\u00e9n compartes tus datos<\/strong><\/h2>\n<!-- \/wp:heading --><!-- wp:paragraph -->\n<p>Si solicitas un restablecimiento de contrase\u00f1a, tu direcci\u00f3n IP se incluir\u00e1 en el correo electr\u00f3nico de restablecimiento.<\/p>\n<p>If you request a password reset, your IP address will be included in the reset email.<\/p>\n<!-- \/wp:paragraph --><!-- wp:heading -->\n<h2><strong>Por cu\u00e1nto tiempo retenemos tus datos<\/strong><\/h2>\n<!-- \/wp:heading --><!-- wp:paragraph -->\n<p>Si dejas un comentario, el comentario y sus metadatos se conservan indefinidamente. Esto es para que podamos reconocer y aprobar cualquier comentario de seguimiento autom\u00e1ticamente en lugar de mantenerlos en una cola de moderaci\u00f3n.<\/p>\n<p>Para los usuarios que se registran en nuestro sitio web (si los hay), tambi\u00e9n almacenamos la informaci\u00f3n personal que proporcionan en tu perfil de usuario. Todos los usuarios pueden ver, editar o eliminar su informaci\u00f3n personal en cualquier momento (excepto que no pueden cambiar su nombre de usuario). Los administradores del sitio web tambi\u00e9n pueden ver y editar esa informaci\u00f3n.<\/p>\n<p><em>If you leave a comment, the comment and its metadata are retained indefinitely. This is so we can recognize and approve any follow-up comments automatically instead of holding them in a moderation queue.<\/em><\/p>\n<p><em><!-- \/wp:paragraph --><!-- wp:paragraph --><\/em><\/p>\n<p><em>For users that register on our website (if any), we also store the personal information they provide in their user profile. All users can see, edit, or delete their personal information at any time (except they cannot change their username). Website administrators can also see and edit that information.<\/em><\/p>\n<!-- \/wp:paragraph --><!-- wp:heading -->\n<h2><strong>Qu\u00e9 derechos tienes sobre tus datos<\/strong><\/h2>\n<!-- \/wp:heading --><!-- wp:paragraph -->\n<p>Si tienes una cuenta en este sitio o has dejado comentarios, puedes solicitar recibir un archivo exportado de los datos personales que tenemos sobre ti, incluidos los datos que nos hayas proporcionado. Tambi\u00e9n puedes solicitar que eliminemos cualquier dato personal que tengamos sobre ti. Esto no incluye ning\u00fan dato que estemos obligados a conservar con fines administrativos, legales o de seguridad.<\/p>\n<p><em>If you have an account on this site, or have left comments, you can request to receive an exported file of the personal data we hold about you, including any data you have provided to us. You can also request that we erase any personal data we hold about you. This does not include any data we are obliged to keep for administrative, legal, or security purposes.<\/em><\/p>\n<!-- \/wp:paragraph --><!-- wp:heading -->\n<h2><strong>Where your data is sent<\/strong><\/h2>\n<!-- \/wp:heading --><!-- wp:paragraph -->\n<p>Los comentarios de los visitantes puede que los revise un servicio de detecci\u00f3n autom\u00e1tica de spam. Nuestro servidor reside en centros de datos ubicados f\u00edsicamente en Amsterdam (Uni\u00f3n Europea) y California (Estados Unidos).<\/p>\n<p><em>Visitor comments may be checked through an automated spam detection service. Our servers are physically located in data centers in Amsterdam (European Union) and California (United States).<\/em><\/p>\n<!-- \/wp:paragraph -->\t\t\t\t\t\t<\/div>\n\t\t\t\t<\/div>\n\t\t\t\t\t<\/div>\n\t\t<\/div>\n\t\t\t\t\t\t\t<\/div>\n\t\t<\/section>\n\t\t\t\t\t\t\t<\/div>\n\t\t","protected":false},"excerpt":{"rendered":"<p>Datos de la Compa\u00f1\u00eda Sitio web: https:\/\/wakatelecom.comDenominaci\u00f3n: Waka Technologies &amp; Telecom S.L.Tipo de compa\u00f1\u00eda: Sociedad LimitadaDirecci\u00f3n: Barrio Alcaide.Localidad: MalaboPa\u00eds: Guinea Ecuatorial.NIF: 00414WT-19 Comentarios Cuando los visitantes dejan comentarios en el sitio, recopilamos los datos que se muestran en el formulario de comentarios, y tambi\u00e9n la direcci\u00f3n IP del visitante y la cadena del agente de [&hellip;]<\/p>\n","protected":false},"author":1,"featured_media":0,"parent":0,"menu_order":0,"comment_status":"closed","ping_status":"closed","template":"","meta":[],"_links":{"self":[{"href":"https:\/\/wakatelecom.com\/index.php?rest_route=\/wp\/v2\/pages\/3"}],"collection":[{"href":"https:\/\/wakatelecom.com\/index.php?rest_route=\/wp\/v2\/pages"}],"about":[{"href":"https:\/\/wakatelecom.com\/index.php?rest_route=\/wp\/v2\/types\/page"}],"author":[{"embeddable":true,"href":"https:\/\/wakatelecom.com\/index.php?rest_route=\/wp\/v2\/users\/1"}],"replies":[{"embeddable":true,"href":"https:\/\/wakatelecom.com\/index.php?rest_route=%2Fwp%2Fv2%2Fcomments&post=3"}],"version-history":[{"count":60,"href":"https:\/\/wakatelecom.com\/index.php?rest_route=\/wp\/v2\/pages\/3\/revisions"}],"predecessor-version":[{"id":3727,"href":"https:\/\/wakatelecom.com\/index.php?rest_route=\/wp\/v2\/pages\/3\/revisions\/3727"}],"wp:attachment":[{"href":"https:\/\/wakatelecom.com\/index.php?rest_route=%2Fwp%2Fv2%2Fmedia&parent=3"}],"curies":[{"name":"wp","href":"https:\/\/api.w.org\/{rel}","templated":true}]}}