{"id":3292,"date":"2022-08-23T00:32:01","date_gmt":"2022-08-22T23:32:01","guid":{"rendered":"https:\/\/wakatelecom.com\/?page_id=3292"},"modified":"2024-04-22T09:52:00","modified_gmt":"2024-04-22T08:52:00","slug":"publicidad-digital","status":"publish","type":"page","link":"https:\/\/wakatelecom.com\/?page_id=3292","title":{"rendered":"Publicidad Digital"},"content":{"rendered":"\t\t<div data-elementor-type=\"wp-page\" data-elementor-id=\"3292\" class=\"elementor elementor-3292\">\n\t\t\t\t\t\t\t\t\t<section class=\"elementor-section elementor-top-section elementor-element elementor-element-17cb032d elementor-section-stretched elementor-section-full_width elementor-section-height-default elementor-section-height-default\" data-id=\"17cb032d\" data-element_type=\"section\" data-settings=\"{&quot;stretch_section&quot;:&quot;section-stretched&quot;}\">\n\t\t\t\t\t\t<div class=\"elementor-container elementor-column-gap-no\">\n\t\t\t\t\t<div class=\"elementor-column elementor-col-100 elementor-top-column elementor-element elementor-element-d714225\" data-id=\"d714225\" data-element_type=\"column\">\n\t\t\t<div class=\"elementor-widget-wrap elementor-element-populated\">\n\t\t\t\t\t\t\t\t<div class=\"elementor-element elementor-element-4545b8f0 elementor-widget elementor-widget-zentec_page_title2\" data-id=\"4545b8f0\" data-element_type=\"widget\" data-widget_type=\"zentec_page_title2.default\">\n\t\t\t\t<div class=\"elementor-widget-container\">\n\t\t\t<section class=\" inner-banner alternate\">\n\t<div class=\"image-layer\" style=\"background-image: url(https:\/\/wakatelecom.com\/wp-content\/uploads\/2020\/04\/banner-bg-1.jpg);\"><\/div>\n\t<div class=\"auto-container\">\n\t\t<div class=\"inner\">\n\t\t\t<div class=\"title-box\">\n\t\t\t\t<h1>Servicios<\/h1>\n\t\t\t\t<div class=\"d-text\"><\/div>\n\t\t\t<\/div>\n\t\t<\/div>\n\t<\/div>\n<\/section>\n\t\t\t\t<\/div>\n\t\t\t\t<\/div>\n\t\t\t\t\t<\/div>\n\t\t<\/div>\n\t\t\t\t\t\t\t<\/div>\n\t\t<\/section>\n\t\t\t\t<section class=\"elementor-section elementor-top-section elementor-element elementor-element-51879d8c elementor-section-boxed elementor-section-height-default elementor-section-height-default\" data-id=\"51879d8c\" data-element_type=\"section\">\n\t\t\t\t\t\t<div class=\"elementor-container elementor-column-gap-default\">\n\t\t\t\t\t<div class=\"elementor-column elementor-col-33 elementor-top-column elementor-element elementor-element-71294a85\" data-id=\"71294a85\" data-element_type=\"column\">\n\t\t\t<div class=\"elementor-widget-wrap elementor-element-populated\">\n\t\t\t\t\t\t\t\t<div class=\"elementor-element elementor-element-5c2b9ce elementor-widget elementor-widget-zentec_wi_catagory\" data-id=\"5c2b9ce\" data-element_type=\"widget\" data-widget_type=\"zentec_wi_catagory.default\">\n\t\t\t\t<div class=\"elementor-widget-container\">\n\t\t\t    <div class=\" sidebar-page-container services-page\">\n        <div class=\"auto-container\">\n            <div class=\"row clearfix\">\n                <div class=\"sidebar-side col-lg-12 col-md-12 col-sm-12\">\n                    <aside class=\"sidebar services-sidebar\">\n                        <!--Services Widget-->\n                        <div class=\"sidebar-widget services-widget\">\n                            <div class=\"widget-inner\">\n                                <ul>\n                                    \n\t\t\t\t\t\t\t\t\t\t\t\t\t\t\t\t\t\t\t\t\t\t\t\t\t\t\t<li><a href=\"\/?page_id=97\">Correo Corporativo<\/a><\/li>\n                                    \t\n\t\t\t\t\t\t\t\t\t\n\t\t\t\t\t\t\t\t\t\t\t\t\t\t\t\t\t\t\t\t\t\t\t\t\t\t\t<li><a href=\"\/?page_id=101\">Dise\u00f1o Web<\/a><\/li>\n                                    \t\n\t\t\t\t\t\t\t\t\t\n\t\t\t\t\t\t\t\t\t\t\t\t\t\t\t\t\t\t\t\t\t\t\t\t\t\t\t<li><a href=\"\/?page_id=3271\">Posicionamiento: SEO, AdWords\n<\/a><\/li>\n                                    \t\n\t\t\t\t\t\t\t\t\t\n\t\t\t\t\t\t\t\t\t\t\t\t\t\t\t\t\t\t\t\t\t\t\t\t\t\t\t<li class=\"active\"><a href=\"#\">Publicidad Digital<\/a><\/li>\n                                    \n\t\t\t\t\t\t\t\t\t\t\n\t\t\t\t\t\t\t\t\t\n\t\t\t\t\t\t\t\t\t\t\t\t\t\t\t\t\t\t\t\t\t\t\t\t\t\t\t<li><a href=\"\/?page_id=3308\">Resiliencia de Datos\n<\/a><\/li>\n                                    \t\n\t\t\t\t\t\t\t\t\t\n\t\t\t\t\t\t\t\t\t\t\t\t\t\t\t\t\t\t\t\t\t\t\t\t\t\t\t<li><a href=\"\/?page_id=3326\">Contabilidad Informatizada: FrontAccounting<\/a><\/li>\n                                    \t\n\t\t\t\t\t\t\t\t\t\n\t\t\t\t\t\t\t\t\t\t\t\t\t\t\t\t\t\t\t\t\t\t\t\t\t\t\t<li><a href=\"\/?page_id=3375\">WUBICA GPS<\/a><\/li>\n                                    \t\n\t\t\t\t\t\t\t\t\t\n\t\t\t\t\t\t\t\t\t\t\t\t\t\t\t\t\t\t\t\t\t\t\t\t\t\t\t<li><a href=\"\/?page_id=4179\">Track Vigilante<\/a><\/li>\n                                    \t\n\t\t\t\t\t\t\t\t\t\n\t\t\t\t\t\t\t\t\t\t\t\t\t\t\t\t\t\t\t\t\t\t\t\t\t\t\t<li><a href=\"\/?page_id=3438\">Consultor\u00eda T\u00e9cnica<\/a><\/li>\n                                    \t\n\t\t\t\t\t\t\t\t\t\n\t\t\t\t\t\t\t\t\t                                <\/ul>\n                            <\/div>\n                        <\/div>\n                    <\/aside>\n                <\/div>\n            <\/div>\n        <\/div>\n    <\/div> \n\t\t\t\t<\/div>\n\t\t\t\t<\/div>\n\t\t\t\t<div class=\"elementor-element elementor-element-1406ddaf elementor-widget elementor-widget-zentec_wi_downloa\" data-id=\"1406ddaf\" data-element_type=\"widget\" data-widget_type=\"zentec_wi_downloa.default\">\n\t\t\t\t<div class=\"elementor-widget-container\">\n\t\t\t<div class=\" sidebar-page-container services-page\">\n        <div class=\"auto-container\">\n            <div class=\"row clearfix\">\n                <div class=\"sidebar-side col-lg-12 col-md-12 col-sm-12\">\n                    <aside class=\"sidebar services-sidebar\">\n                        <div class=\"sidebar-widget downloads-widget\">\n                            <div class=\"sidebar-title\">\n                                <h3><\/h3>\n                            <\/div>\n                            <div class=\"widget-inner\">\n                                <ul>\n                                    \n\t\t\t\t\t\t\t\t\t\t\t\t\t\t\t\t\t\t\n\t\t\t\t\t\t\t\t\t<li><a href=\"#\"><span class=\"far fa-file-pdf\"><\/span>Perfil Empresarial (PDF)<\/a><\/li>\n                                    \n\t\t\t\t\t\t\t\t\t\t\t\t\t\t\t\t\t\t\n\t\t\t\t\t\t\t\t\t<li><a href=\"#\"><span class=\"far fa-file-pdf\"><\/span>Folleto Informativo<\/a><\/li>\n                                    \n\t\t\t\t\t\t\t\t\t\t\t\t\t\t\t\t\t\t\n\t\t\t\t\t\t\t\t\t<li><a href=\"#\"><span class=\"far fa-file-pdf\"><\/span>Nuestros Servicios<\/a><\/li>\n                                    \n\t\t\t\t\t\t\t\t\t                                <\/ul>\n                            <\/div>\n                        <\/div>\n                        \n                    <\/aside>\n                <\/div>\n                \n            <\/div>\n        <\/div>\n    <\/div>\n\t\t\t\t<\/div>\n\t\t\t\t<\/div>\n\t\t\t\t<div class=\"elementor-element elementor-element-322762fa elementor-widget elementor-widget-zentec_wi_callto\" data-id=\"322762fa\" data-element_type=\"widget\" data-widget_type=\"zentec_wi_callto.default\">\n\t\t\t\t<div class=\"elementor-widget-container\">\n\t\t\t<div class=\" sidebar-page-container services-page\">\n\t<div class=\"auto-container\">\n\t\t<div class=\"row clearfix\">\n\t\t\t<div class=\"sidebar-side col-lg-12 col-md-12 col-sm-12\">\n\t\t\t\t<aside class=\"sidebar services-sidebar\">\n\t\t\t\t\t<!--Info Widget-->\n\t\t\t\t\t<div class=\"sidebar-widget info-widget\">\n\t\t\t\t\t\t<div class=\"widget-inner\">\n\t\t\t\t\t\t\t\n\t\t\t\t\t\t\t\t\t\t\t\t\t\t<div class=\"image\"><a href=\"https:\/\/soporte.wakatelecom.com\"><img decoding=\"async\" src=\"https:\/\/wakatelecom.com\/wp-content\/uploads\/2023\/12\/logoweb-1.png\" alt=\"\"><\/a><\/div>\n\t\t\t\t\t\t\t\t\t\t\t\t\t\t\n\t\t\t\t\t\t\t<div class=\"lower\">\n\t\t\t\t\t\t\t\t<div class=\"subtitle\">\u00bfAlguna pregunta?<br>\n\u00a1Ll\u00e1manos hoy!<\/div>\n\t\t\t\t\t\t\t\t<div class=\"icon-box\"><span class=\"flaticon-telephone\"><\/span><\/div>\n\t\t\t\t\t\t\t\t<div class=\"phone\"><a href=\"tel:(+1)-500.369.2580\"><a href=\"tel:+240555281169\"> (+240) 555 281 169<\/a>\n<\/a><\/div>\n\t\t\t\t\t\t\t\t<div class=\"email\"><a href=\"mailto:support@zentec.net\"><a href=\"mailto:info@wakatelecom.com\">info@wakatelecom.com<\/a><\/a><\/div>\n\t\t\t\t\t\t\t<\/div>\n\t\t\t\t\t\t<\/div>\n\t\t\t\t\t<\/div>\n\t\t\t\t<\/aside>\n\t\t\t<\/div>\n\t\t<\/div>\n\t<\/div>\n<\/div>\n\t\t\t\t<\/div>\n\t\t\t\t<\/div>\n\t\t\t\t\t<\/div>\n\t\t<\/div>\n\t\t\t\t<div class=\"elementor-column elementor-col-66 elementor-top-column elementor-element elementor-element-7b5ba95b\" data-id=\"7b5ba95b\" data-element_type=\"column\">\n\t\t\t<div class=\"elementor-widget-wrap elementor-element-populated\">\n\t\t\t\t\t\t\t\t<div class=\"elementor-element elementor-element-713c9b79 elementor-widget elementor-widget-zentec_service_single\" data-id=\"713c9b79\" data-element_type=\"widget\" data-widget_type=\"zentec_service_single.default\">\n\t\t\t\t<div class=\"elementor-widget-container\">\n\t\t\t<div class=\" sidebar-page-container services-page\">\n\t<div class=\"auto-container\">\n\t\t<div class=\"row clearfix\">\n\t\t\t\n\t\t\t<!--Content Side-->\n\t\t\t<div class=\"content-side col-lg-12 col-md-12 col-sm-12\">\n\t\t\t\t<div class=\"services-content\">\n\t\t\t\t\t<div class=\"service-details\">\n\t\t\t\t\t\t\n\t\t\t\t\t\t\n\t\t\t\t\t\t\t\t\t\t\t\t<div class=\"image-box\">\n\t\t\t\t\t\t\t<img decoding=\"async\" src=\"https:\/\/wakatelecom.com\/wp-content\/uploads\/2022\/12\/publicidaddigital.jpg\" alt=\"\">\n\t\t\t\t\t\t<\/div>\n\t\t\t\t\t\t\t\t\t\t\t\t\n\t\t\t\t\t\t<!--content-->\n\t\t\t\t\t\t<div class=\"content\">\n\t\t\t\t\t\t\t<h3>Publicidad Digital<\/h3>\n\t\t\t\t\t\t\t<div class=\"text\">\n\t\t\t\t\t\t\t\t<p>Contrata nuestros servicios de publicidad digital, para llegar al coraz\u00f3n del usuario directamente a trav\u00e9s de su m\u00f3vil.\n<br><br>\nCon WAKA BUMA (Waka Business Market) te proponemos una forma nueva de publicidad pionera en el mercado y muy efectiva, con coste reducido pero con garant\u00edas de llegar a un n\u00famero de usuarios bastante grande.\n<br><br>\nWAKA BUMA es la forma innovadora de llegar a gran n\u00famero de usuarios de manera genuina y leg\u00edtima y en tiempo r\u00e9cord, utilizando la t\u00e9cnica del boca-a-boca digital.\n<br><br>\nSolicita informaci\u00f3n acerca de este servicio y sorpr\u00e9ndete por la sencillez, eficacia y eficiencia del mismo.\n<br><br><br>\n<\/p>\n\t\t\t\t\t\t\t<\/div>\n\t\t\t\t\t\t<\/div>\n\t\t\t\t\t<\/div>\n\t\t\t\t<\/div>\n\t\t\t<\/div>\n\t\t<\/div>\n\t<\/div>\n<\/div>\n\t\t\t\t<\/div>\n\t\t\t\t<\/div>\n\t\t\t\t<div class=\"elementor-element elementor-element-5dccf692 elementor-widget elementor-widget-zentec_service_single2\" data-id=\"5dccf692\" data-element_type=\"widget\" data-widget_type=\"zentec_service_single2.default\">\n\t\t\t\t<div class=\"elementor-widget-container\">\n\t\t\t<div class=\" sidebar-page-container services-page\">\n        <div class=\"auto-container\">\n            <div class=\"row clearfix\">\n                <!--Content Side-->\n                <div class=\"content-side col-lg-12 col-md-12 col-sm-12\">\n                    <div class=\"services-content\">\n                        <div class=\"service-details\">\n                            <!--content-->\n                            <div class=\"content\">\n                                <!--Two Column-->\n                                <div class=\"two-col\">\n                                    <div class=\"row clearfix\">\n                                        <div class=\"column col-lg-6 col-md-6 col-sm-12\">\n                                            \n\t\t\t\t\t\t\t\t\t\t\t\n\t\t\t\t\t\t\t\t\t\t\t\t\t\t\t\t\t\t\t\t\t\t\n                                        <\/div>\n                                        <div class=\"column col-lg-6 col-md-6 col-sm-12\">\n                                            \n\t\t\t\t\t\t\t\t\t\t\t\n\t\t\t\t\t\t\t\t\t\t\t\t\t\t\t\t\t\t\t\t\t\t\n                                        <\/div>\n                                    <\/div>\n                                <\/div>\n                                <div class=\"text\">\n                                    <p><\/p>\n\n                                    <ul class=\"list-style-one\">\n                                        \n\t\t\t\t\t\t\t\t\t\t\t\t\t\t\t\t\t\t\t\t\n\t\t\t\t\t\t\t\t\t\t<li>Te ayudamos a dise\u00f1ar el flyer, en caso de que no tengas ninguno<\/li>\n                                        \n\t\t\t\t\t\t\t\t\t\t\t\t\t\t\t\t\t\t\t\t\n\t\t\t\t\t\t\t\t\t\t<li>Lanzamos la publicidad en las RRSS que solicites<\/li>\n                                        \n\t\t\t\t\t\t\t\t\t\t\t\t\t\t\t\t\t\t\t\t\n\t\t\t\t\t\t\t\t\t\t<li>Confirmamos contigo el n\u00famero de clientes que han visto tu publicidad<\/li>\n                                        \n\t\t\t\t\t\t\t\t\t\t                                    <\/ul>\n                                <\/div>\n                            <\/div>\n                        <\/div>\n                    <\/div>\n                <\/div>\n            <\/div>\n        <\/div>\n    <\/div>\n\t\t\t\t<\/div>\n\t\t\t\t<\/div>\n\t\t\t\t\t<\/div>\n\t\t<\/div>\n\t\t\t\t\t\t\t<\/div>\n\t\t<\/section>\n\t\t\t\t<section class=\"elementor-section elementor-top-section elementor-element elementor-element-4e7d9a4 elementor-section-stretched elementor-section-full_width elementor-section-height-default elementor-section-height-default\" data-id=\"4e7d9a4\" data-element_type=\"section\" data-settings=\"{&quot;stretch_section&quot;:&quot;section-stretched&quot;}\">\n\t\t\t\t\t\t<div class=\"elementor-container elementor-column-gap-no\">\n\t\t\t\t\t<div class=\"elementor-column elementor-col-100 elementor-top-column elementor-element elementor-element-f6103f3\" data-id=\"f6103f3\" data-element_type=\"column\">\n\t\t\t<div class=\"elementor-widget-wrap elementor-element-populated\">\n\t\t\t\t\t\t\t\t<div class=\"elementor-element elementor-element-7a787f8 elementor-widget elementor-widget-zentec_separator\" data-id=\"7a787f8\" data-element_type=\"widget\" data-widget_type=\"zentec_separator.default\">\n\t\t\t\t<div class=\"elementor-widget-container\">\n\t\t\t<div class=\"theme-separator\"><\/div>\n\t\t\t\t<\/div>\n\t\t\t\t<\/div>\n\t\t\t\t\t<\/div>\n\t\t<\/div>\n\t\t\t\t\t\t\t<\/div>\n\t\t<\/section>\n\t\t\t\t<section class=\"elementor-section elementor-top-section elementor-element elementor-element-0db0e3f elementor-section-stretched elementor-section-full_width elementor-section-height-default elementor-section-height-default\" data-id=\"0db0e3f\" data-element_type=\"section\" data-settings=\"{&quot;stretch_section&quot;:&quot;section-stretched&quot;}\">\n\t\t\t\t\t\t<div class=\"elementor-container elementor-column-gap-no\">\n\t\t\t\t\t<div class=\"elementor-column elementor-col-100 elementor-top-column elementor-element elementor-element-aec8ae1\" data-id=\"aec8ae1\" data-element_type=\"column\">\n\t\t\t<div class=\"elementor-widget-wrap elementor-element-populated\">\n\t\t\t\t\t\t\t\t<div class=\"elementor-element elementor-element-1149bb6 elementor-widget elementor-widget-zentec_calltoaction2\" data-id=\"1149bb6\" data-element_type=\"widget\" data-widget_type=\"zentec_calltoaction2.default\">\n\t\t\t\t<div class=\"elementor-widget-container\">\n\t\t\t<section class=\" call-to-action\">\n\t<div class=\"map-pattern-layer\" style=\"background-image: url(https:\/\/wakatelecom.com\/wp-content\/uploads\/2020\/04\/map-pattern-three.png);\"><\/div>\n\n\t<div class=\"auto-container\">\n\t\t<div class=\"row clearfix\">\n\t\t\t<div class=\"title-column col-xl-7 col-lg-12 col-md-12 col-sm-12\">\n\t\t\t\t<div class=\"inner\">\n\t\t\t\t\t<h2>Obt\u00e9n recomendaciones de nuestros expertos<\/h2>\n\t\t\t\t<\/div>\n\t\t\t<\/div>\n\t\t\t<div class=\"links-column col-xl-5 col-lg-12 col-md-12 col-sm-12\">\n\t\t\t\t<div class=\"inner\">\n\t\t\t\t\t<div class=\"links-box\">\n\t\t\t\t\t\t<a href=\"\/?page_id=111\" class=\"theme-btn btn-style-two\"><div class=\"btn-title\">Haz tu Petici\u00f3n<\/div><\/a>\n\t\t\t\t\t\t<a href=\"\" class=\"theme-btn btn-style-one\"><div class=\"btn-title\">Chatea con un experto<\/div><\/a>\n\t\t\t\t\t<\/div>\n\t\t\t\t<\/div>\n\t\t\t<\/div>\n\t\t<\/div>\n\t<\/div>\n<\/section>\n\t\t\t\t<\/div>\n\t\t\t\t<\/div>\n\t\t\t\t\t<\/div>\n\t\t<\/div>\n\t\t\t\t\t\t\t<\/div>\n\t\t<\/section>\n\t\t\t\t\t\t\t<\/div>\n\t\t","protected":false},"excerpt":{"rendered":"<p>Servicios Correo Corporativo Dise\u00f1o Web Posicionamiento: SEO, AdWords Publicidad Digital Resiliencia de Datos Contabilidad Informatizada: FrontAccounting WUBICA GPS Track Vigilante Consultor\u00eda T\u00e9cnica Perfil Empresarial (PDF) Folleto Informativo Nuestros Servicios \u00bfAlguna pregunta? \u00a1Ll\u00e1manos hoy! (+240) 555 281 169 info@wakatelecom.com Publicidad Digital Contrata nuestros servicios de publicidad digital, para llegar al coraz\u00f3n del usuario directamente a trav\u00e9s [&hellip;]<\/p>\n","protected":false},"author":1,"featured_media":0,"parent":0,"menu_order":0,"comment_status":"closed","ping_status":"closed","template":"tpl-default-elementor.php","meta":[],"_links":{"self":[{"href":"https:\/\/wakatelecom.com\/index.php?rest_route=\/wp\/v2\/pages\/3292"}],"collection":[{"href":"https:\/\/wakatelecom.com\/index.php?rest_route=\/wp\/v2\/pages"}],"about":[{"href":"https:\/\/wakatelecom.com\/index.php?rest_route=\/wp\/v2\/types\/page"}],"author":[{"embeddable":true,"href":"https:\/\/wakatelecom.com\/index.php?rest_route=\/wp\/v2\/users\/1"}],"replies":[{"embeddable":true,"href":"https:\/\/wakatelecom.com\/index.php?rest_route=%2Fwp%2Fv2%2Fcomments&post=3292"}],"version-history":[{"count":49,"href":"https:\/\/wakatelecom.com\/index.php?rest_route=\/wp\/v2\/pages\/3292\/revisions"}],"predecessor-version":[{"id":4210,"href":"https:\/\/wakatelecom.com\/index.php?rest_route=\/wp\/v2\/pages\/3292\/revisions\/4210"}],"wp:attachment":[{"href":"https:\/\/wakatelecom.com\/index.php?rest_route=%2Fwp%2Fv2%2Fmedia&parent=3292"}],"curies":[{"name":"wp","href":"https:\/\/api.w.org\/{rel}","templated":true}]}}