{"id":3326,"date":"2022-08-24T13:54:35","date_gmt":"2022-08-24T12:54:35","guid":{"rendered":"https:\/\/wakatelecom.com\/?page_id=3326"},"modified":"2024-04-22T09:55:09","modified_gmt":"2024-04-22T08:55:09","slug":"contabilidad-informatizada","status":"publish","type":"page","link":"https:\/\/wakatelecom.com\/?page_id=3326","title":{"rendered":"Contabilidad Informatizada"},"content":{"rendered":"\t\t<div data-elementor-type=\"wp-page\" data-elementor-id=\"3326\" class=\"elementor elementor-3326\">\n\t\t\t\t\t\t\t\t\t<section class=\"elementor-section elementor-top-section elementor-element elementor-element-17cb032d elementor-section-stretched elementor-section-full_width elementor-section-height-default elementor-section-height-default\" data-id=\"17cb032d\" data-element_type=\"section\" data-settings=\"{&quot;stretch_section&quot;:&quot;section-stretched&quot;}\">\n\t\t\t\t\t\t<div class=\"elementor-container elementor-column-gap-no\">\n\t\t\t\t\t<div class=\"elementor-column elementor-col-100 elementor-top-column elementor-element elementor-element-d714225\" data-id=\"d714225\" data-element_type=\"column\">\n\t\t\t<div class=\"elementor-widget-wrap elementor-element-populated\">\n\t\t\t\t\t\t\t\t<div class=\"elementor-element elementor-element-4545b8f0 elementor-widget elementor-widget-zentec_page_title2\" data-id=\"4545b8f0\" data-element_type=\"widget\" data-widget_type=\"zentec_page_title2.default\">\n\t\t\t\t<div class=\"elementor-widget-container\">\n\t\t\t<section class=\" inner-banner alternate\">\n\t<div class=\"image-layer\" style=\"background-image: url(https:\/\/wakatelecom.com\/wp-content\/uploads\/2020\/04\/banner-bg-1.jpg);\"><\/div>\n\t<div class=\"auto-container\">\n\t\t<div class=\"inner\">\n\t\t\t<div class=\"title-box\">\n\t\t\t\t<h1>Servicios<\/h1>\n\t\t\t\t<div class=\"d-text\"><\/div>\n\t\t\t<\/div>\n\t\t<\/div>\n\t<\/div>\n<\/section>\n\t\t\t\t<\/div>\n\t\t\t\t<\/div>\n\t\t\t\t\t<\/div>\n\t\t<\/div>\n\t\t\t\t\t\t\t<\/div>\n\t\t<\/section>\n\t\t\t\t<section class=\"elementor-section elementor-top-section elementor-element elementor-element-51879d8c elementor-section-boxed elementor-section-height-default elementor-section-height-default\" data-id=\"51879d8c\" data-element_type=\"section\">\n\t\t\t\t\t\t<div class=\"elementor-container elementor-column-gap-default\">\n\t\t\t\t\t<div class=\"elementor-column elementor-col-33 elementor-top-column elementor-element elementor-element-71294a85\" data-id=\"71294a85\" data-element_type=\"column\">\n\t\t\t<div class=\"elementor-widget-wrap elementor-element-populated\">\n\t\t\t\t\t\t\t\t<div class=\"elementor-element elementor-element-5c2b9ce elementor-widget elementor-widget-zentec_wi_catagory\" data-id=\"5c2b9ce\" data-element_type=\"widget\" data-widget_type=\"zentec_wi_catagory.default\">\n\t\t\t\t<div class=\"elementor-widget-container\">\n\t\t\t    <div class=\" sidebar-page-container services-page\">\n        <div class=\"auto-container\">\n            <div class=\"row clearfix\">\n                <div class=\"sidebar-side col-lg-12 col-md-12 col-sm-12\">\n                    <aside class=\"sidebar services-sidebar\">\n                        <!--Services Widget-->\n                        <div class=\"sidebar-widget services-widget\">\n                            <div class=\"widget-inner\">\n                                <ul>\n                                    \n\t\t\t\t\t\t\t\t\t\t\t\t\t\t\t\t\t\t\t\t\t\t\t\t\t\t\t<li><a href=\"\/?page_id=97\">Correo Corporativo<\/a><\/li>\n                                    \t\n\t\t\t\t\t\t\t\t\t\n\t\t\t\t\t\t\t\t\t\t\t\t\t\t\t\t\t\t\t\t\t\t\t\t\t\t\t<li><a href=\"\/?page_id=101\">Dise\u00f1o Web<\/a><\/li>\n                                    \t\n\t\t\t\t\t\t\t\t\t\n\t\t\t\t\t\t\t\t\t\t\t\t\t\t\t\t\t\t\t\t\t\t\t\t\t\t\t<li><a href=\"\/?page_id=3271\">Posicionamiento: SEO, AdWords\n<\/a><\/li>\n                                    \t\n\t\t\t\t\t\t\t\t\t\n\t\t\t\t\t\t\t\t\t\t\t\t\t\t\t\t\t\t\t\t\t\t\t\t\t\t\t<li><a href=\"\/?page_id=3292\">Publicidad Digital<\/a><\/li>\n                                    \t\n\t\t\t\t\t\t\t\t\t\n\t\t\t\t\t\t\t\t\t\t\t\t\t\t\t\t\t\t\t\t\t\t\t\t\t\t\t<li><a href=\"\/?page_id=3308\">Resiliencia de Datos\n<\/a><\/li>\n                                    \t\n\t\t\t\t\t\t\t\t\t\n\t\t\t\t\t\t\t\t\t\t\t\t\t\t\t\t\t\t\t\t\t\t\t\t\t\t\t<li class=\"active\"><a href=\"#\">Contabilidad Informatizada: FrontAccounting<\/a><\/li>\n                                    \n\t\t\t\t\t\t\t\t\t\t\n\t\t\t\t\t\t\t\t\t\n\t\t\t\t\t\t\t\t\t\t\t\t\t\t\t\t\t\t\t\t\t\t\t\t\t\t\t<li><a href=\"\/?page_id=3375\">WUBICA GPS<\/a><\/li>\n                                    \t\n\t\t\t\t\t\t\t\t\t\n\t\t\t\t\t\t\t\t\t\t\t\t\t\t\t\t\t\t\t\t\t\t\t\t\t\t\t<li><a href=\"\/?page_id=4179\">Track Vigilante<\/a><\/li>\n                                    \t\n\t\t\t\t\t\t\t\t\t\n\t\t\t\t\t\t\t\t\t\t\t\t\t\t\t\t\t\t\t\t\t\t\t\t\t\t\t<li><a href=\"\/?page_id=3438\">Consultor\u00eda T\u00e9cnica<\/a><\/li>\n                                    \t\n\t\t\t\t\t\t\t\t\t\n\t\t\t\t\t\t\t\t\t                                <\/ul>\n                            <\/div>\n                        <\/div>\n                    <\/aside>\n                <\/div>\n            <\/div>\n        <\/div>\n    <\/div> \n\t\t\t\t<\/div>\n\t\t\t\t<\/div>\n\t\t\t\t<div class=\"elementor-element elementor-element-1406ddaf elementor-widget elementor-widget-zentec_wi_downloa\" data-id=\"1406ddaf\" data-element_type=\"widget\" data-widget_type=\"zentec_wi_downloa.default\">\n\t\t\t\t<div class=\"elementor-widget-container\">\n\t\t\t<div class=\" sidebar-page-container services-page\">\n        <div class=\"auto-container\">\n            <div class=\"row clearfix\">\n                <div class=\"sidebar-side col-lg-12 col-md-12 col-sm-12\">\n                    <aside class=\"sidebar services-sidebar\">\n                        <div class=\"sidebar-widget downloads-widget\">\n                            <div class=\"sidebar-title\">\n                                <h3><\/h3>\n                            <\/div>\n                            <div class=\"widget-inner\">\n                                <ul>\n                                    \n\t\t\t\t\t\t\t\t\t\t\t\t\t\t\t\t\t\t\n\t\t\t\t\t\t\t\t\t<li><a href=\"#\"><span class=\"far fa-file-pdf\"><\/span>Perfil Empresarial (PDF)<\/a><\/li>\n                                    \n\t\t\t\t\t\t\t\t\t\t\t\t\t\t\t\t\t\t\n\t\t\t\t\t\t\t\t\t<li><a href=\"#\"><span class=\"far fa-file-pdf\"><\/span>Folleto Informativo<\/a><\/li>\n                                    \n\t\t\t\t\t\t\t\t\t\t\t\t\t\t\t\t\t\t\n\t\t\t\t\t\t\t\t\t<li><a href=\"#\"><span class=\"far fa-file-pdf\"><\/span>Nuestros Servicios<\/a><\/li>\n                                    \n\t\t\t\t\t\t\t\t\t                                <\/ul>\n                            <\/div>\n                        <\/div>\n                        \n                    <\/aside>\n                <\/div>\n                \n            <\/div>\n        <\/div>\n    <\/div>\n\t\t\t\t<\/div>\n\t\t\t\t<\/div>\n\t\t\t\t<div class=\"elementor-element elementor-element-322762fa elementor-widget elementor-widget-zentec_wi_callto\" data-id=\"322762fa\" data-element_type=\"widget\" data-widget_type=\"zentec_wi_callto.default\">\n\t\t\t\t<div class=\"elementor-widget-container\">\n\t\t\t<div class=\" sidebar-page-container services-page\">\n\t<div class=\"auto-container\">\n\t\t<div class=\"row clearfix\">\n\t\t\t<div class=\"sidebar-side col-lg-12 col-md-12 col-sm-12\">\n\t\t\t\t<aside class=\"sidebar services-sidebar\">\n\t\t\t\t\t<!--Info Widget-->\n\t\t\t\t\t<div class=\"sidebar-widget info-widget\">\n\t\t\t\t\t\t<div class=\"widget-inner\">\n\t\t\t\t\t\t\t\n\t\t\t\t\t\t\t\t\t\t\t\t\t\t<div class=\"image\"><a href=\"https:\/\/soporte.wakatelecom.com\"><img decoding=\"async\" src=\"https:\/\/wakatelecom.com\/wp-content\/uploads\/2023\/12\/logoweb-1.png\" alt=\"\"><\/a><\/div>\n\t\t\t\t\t\t\t\t\t\t\t\t\t\t\n\t\t\t\t\t\t\t<div class=\"lower\">\n\t\t\t\t\t\t\t\t<div class=\"subtitle\">\u00bfAlguna pregunta?<br>\n\u00a1Ll\u00e1manos hoy!<\/div>\n\t\t\t\t\t\t\t\t<div class=\"icon-box\"><span class=\"flaticon-telephone\"><\/span><\/div>\n\t\t\t\t\t\t\t\t<div class=\"phone\"><a href=\"tel:(+1)-500.369.2580\"><a href=\"tel:+240555281169\"> (+240) 555 281 169<\/a>\n<\/a><\/div>\n\t\t\t\t\t\t\t\t<div class=\"email\"><a href=\"mailto:support@zentec.net\"><a href=\"mailto:info@wakatelecom.com\">info@wakatelecom.com<\/a><\/a><\/div>\n\t\t\t\t\t\t\t<\/div>\n\t\t\t\t\t\t<\/div>\n\t\t\t\t\t<\/div>\n\t\t\t\t<\/aside>\n\t\t\t<\/div>\n\t\t<\/div>\n\t<\/div>\n<\/div>\n\t\t\t\t<\/div>\n\t\t\t\t<\/div>\n\t\t\t\t\t<\/div>\n\t\t<\/div>\n\t\t\t\t<div class=\"elementor-column elementor-col-66 elementor-top-column elementor-element elementor-element-7b5ba95b\" data-id=\"7b5ba95b\" data-element_type=\"column\">\n\t\t\t<div class=\"elementor-widget-wrap elementor-element-populated\">\n\t\t\t\t\t\t\t\t<div class=\"elementor-element elementor-element-713c9b79 elementor-widget elementor-widget-zentec_service_single\" data-id=\"713c9b79\" data-element_type=\"widget\" data-widget_type=\"zentec_service_single.default\">\n\t\t\t\t<div class=\"elementor-widget-container\">\n\t\t\t<div class=\" sidebar-page-container services-page\">\n\t<div class=\"auto-container\">\n\t\t<div class=\"row clearfix\">\n\t\t\t\n\t\t\t<!--Content Side-->\n\t\t\t<div class=\"content-side col-lg-12 col-md-12 col-sm-12\">\n\t\t\t\t<div class=\"services-content\">\n\t\t\t\t\t<div class=\"service-details\">\n\t\t\t\t\t\t\n\t\t\t\t\t\t\n\t\t\t\t\t\t\t\t\t\t\t\t<div class=\"image-box\">\n\t\t\t\t\t\t\t<img decoding=\"async\" src=\"https:\/\/wakatelecom.com\/wp-content\/uploads\/2023\/12\/cont.jpg\" alt=\"\">\n\t\t\t\t\t\t<\/div>\n\t\t\t\t\t\t\t\t\t\t\t\t\n\t\t\t\t\t\t<!--content-->\n\t\t\t\t\t\t<div class=\"content\">\n\t\t\t\t\t\t\t<h3>Contabilidad Informatizada: FrontAccounting<\/h3>\n\t\t\t\t\t\t\t<div class=\"text\">\n\t\t\t\t\t\t\t\t<p>La contabilidad computarizada es, en s\u00ed, un software que conforma un sistema de presupuesto y contabilidad para la gesti\u00f3n de gastos, pagos, elaboraci\u00f3n de presupuestos y generaci\u00f3n de informes. Informatiza y automatiza aspectos cr\u00edticos de la elaboraci\u00f3n de presupuestos y la contabilidad y los combina en una base de datos unificada y una interfaz de usuario.\n<br><br>\nAs\u00ed pues, permite la producci\u00f3n de una variedad de informes de presupuestos, financiaci\u00f3n, tesorer\u00eda, flujo de caja, contabilidad, auditor\u00eda, y otros de gesti\u00f3n empresarial del d\u00eda a d\u00eda.\n<br><br>\nEl prop\u00f3sito de los sistemas de contabilidad computarizados es tener un sistema transparente y fiable para hacer seguimiento de las transacciones financieras. Los sistemas de contabilidad informatizados pueden fortalecer la capacidad financiera y de gesti\u00f3n de una organizaci\u00f3n mejorando la gesti\u00f3n del efectivo, la deuda y los pasivos, utilizando informaci\u00f3n hist\u00f3rica para proporcionar mejores procesos de modelado presupuestario, reduciendo costos de transacciones financieras y obteniendo control efectivo sobre las finanzas y la ejecuci\u00f3n del presupuesto. \n<br><br>\nLos sistemas de contabilidad informatizados mejoran la exhaustividad, la transparencia y la rendici\u00f3n de cuentas y, por tanto, la confianza y la credibilidad de las finanzas. Dichos sistemas tambi\u00e9n disuaden corrupci\u00f3n y fraude al aumentar los riesgos de detecci\u00f3n. Una serie de funciones (por ejemplo, identificaci\u00f3n autom\u00e1tica de excepciones a las operaciones normales, patrones de actividades sospechosas, referencias cruzadas automatizadas de n\u00fameros de identificaci\u00f3n personal para fraude, referencias cruzadas de inventarios de activos con la compra de equipos, reglas de desembolso de efectivo automatizadas, etc.) ayudan a detectar pagos excesivos, fraude y hurto.\n<br><br>\nEn Waka Technologies & Telecom S.L. podemos adaptar a tu negocio la soluci\u00f3n internacional de c\u00f3digo abierto FrontAccounting, incluir el plan contable que necesites traducido al idioma que prefieras y pon\u00e9rtelo a punto en donde quieras, ya sea en la nube o en tus instalaciones. La aplicaci\u00f3n funciona en red, y te permite acceder a ella desde cualquier parte del mundo. \n<br><br>\n<h4 style=\"color:blue;\">Puedes informarte escribi\u00e9ndonos por email o llam\u00e1ndonos directamente por tel\u00e9fono.<\/h4>\n<br><br>\n<\/p>\n\t\t\t\t\t\t\t<\/div>\n\t\t\t\t\t\t<\/div>\n\t\t\t\t\t<\/div>\n\t\t\t\t<\/div>\n\t\t\t<\/div>\n\t\t<\/div>\n\t<\/div>\n<\/div>\n\t\t\t\t<\/div>\n\t\t\t\t<\/div>\n\t\t\t\t<div class=\"elementor-element elementor-element-5dccf692 elementor-widget elementor-widget-zentec_service_single2\" data-id=\"5dccf692\" data-element_type=\"widget\" data-widget_type=\"zentec_service_single2.default\">\n\t\t\t\t<div class=\"elementor-widget-container\">\n\t\t\t<div class=\" sidebar-page-container services-page\">\n        <div class=\"auto-container\">\n            <div class=\"row clearfix\">\n                <!--Content Side-->\n                <div class=\"content-side col-lg-12 col-md-12 col-sm-12\">\n                    <div class=\"services-content\">\n                        <div class=\"service-details\">\n                            <!--content-->\n                            <div class=\"content\">\n                                <!--Two Column-->\n                                <div class=\"two-col\">\n                                    <div class=\"row clearfix\">\n                                        <div class=\"column col-lg-6 col-md-6 col-sm-12\">\n                                            \n\t\t\t\t\t\t\t\t\t\t\t\n\t\t\t\t\t\t\t\t\t\t\t\t\t\t\t\t\t\t\t\t\t\t<div class=\"image\"><img decoding=\"async\" src=\"https:\/\/wakatelecom.com\/wp-content\/uploads\/2020\/04\/featured-image-4.jpg\" alt=\"\"><\/div>\n\t\t\t\t\t\t\t\t\t\t\t\t\t\t\t\t\t\t\t\t\t\t\n                                        <\/div>\n                                        <div class=\"column col-lg-6 col-md-6 col-sm-12\">\n                                            \n\t\t\t\t\t\t\t\t\t\t\t\n\t\t\t\t\t\t\t\t\t\t\t\t\t\t\t\t\t\t\t\t\t\t<div class=\"image\"><img decoding=\"async\" src=\"https:\/\/wakatelecom.com\/wp-content\/uploads\/2023\/12\/assetsequity.jpg\" alt=\"\"><\/div>\n\t\t\t\t\t\t\t\t\t\t\t\t\t\t\t\t\t\t\t\t\t\t\n                                        <\/div>\n                                    <\/div>\n                                <\/div>\n                                <div class=\"text\">\n                                    <p><\/p>\n\n                                    <ul class=\"list-style-one\">\n                                        \n\t\t\t\t\t\t\t\t\t\t\t\t\t\t\t\t\t\t\t\t\n\t\t\t\t\t\t\t\t\t\t<li>Pon tus finanzas en red, ya sea red local o en la nube<\/li>\n                                        \n\t\t\t\t\t\t\t\t\t\t\t\t\t\t\t\t\t\t\t\t\n\t\t\t\t\t\t\t\t\t\t<li> Registra y Autoriza tus compras empresariales en l\u00ednea<\/li>\n                                        \n\t\t\t\t\t\t\t\t\t\t\t\t\t\t\t\t\t\t\t\t\n\t\t\t\t\t\t\t\t\t\t<li>Visualiza y accede a tus finanzas desde cualquier parte<\/li>\n                                        \n\t\t\t\t\t\t\t\t\t\t\t\t\t\t\t\t\t\t\t\t\n\t\t\t\t\t\t\t\t\t\t<li><b style=\"color:black\">Realiza numerosas operaciones:<\/b>\n<br>\n- Pedidos de compra\n<br>\n- Notas de mercanc\u00edas por cobrar\n<br>\n- Facturas de proveedores\/notas de cr\u00e9dito\n<br>\n- Pagos\n<br>\n- Asignaciones\n<br>\n- Cuentas por pagar\n<br>\n- Art\u00edculos e inventario\n<br>\n- Control de Stock\n<br>\n- Manufactura\n<br>\n- Activo fijo\n<br>\n- Ordenes de venta\n<br>\n- Facturas de clientes\/notas de cr\u00e9dito\n<br>\n- Dep\u00f3sitos bancarios\n<br>\n- Cuentas por cobrar\n<br>\n- Dimensiones\n<br>\n- Libro mayor con presupuesto\n<br>\n- Multiling\u00fce (Interfaz en espa\u00f1ol, ingl\u00e9s y franc\u00e9s), y m\u00e1s lenguas incluidas el \u00e1rabe\n<br>\n- Diferentes divisas\n<br>\n- Trabaja con varias compa\u00f1\u00edas en la misma web\n<br><br><br><\/li>\n                                        \n\t\t\t\t\t\t\t\t\t\t                                    <\/ul>\n                                <\/div>\n                            <\/div>\n                        <\/div>\n                    <\/div>\n                <\/div>\n            <\/div>\n        <\/div>\n    <\/div>\n\t\t\t\t<\/div>\n\t\t\t\t<\/div>\n\t\t\t\t\t<\/div>\n\t\t<\/div>\n\t\t\t\t\t\t\t<\/div>\n\t\t<\/section>\n\t\t\t\t<section class=\"elementor-section elementor-top-section elementor-element elementor-element-4e7d9a4 elementor-section-stretched elementor-section-full_width elementor-section-height-default elementor-section-height-default\" data-id=\"4e7d9a4\" data-element_type=\"section\" data-settings=\"{&quot;stretch_section&quot;:&quot;section-stretched&quot;}\">\n\t\t\t\t\t\t<div class=\"elementor-container elementor-column-gap-no\">\n\t\t\t\t\t<div class=\"elementor-column elementor-col-100 elementor-top-column elementor-element elementor-element-f6103f3\" data-id=\"f6103f3\" data-element_type=\"column\">\n\t\t\t<div class=\"elementor-widget-wrap elementor-element-populated\">\n\t\t\t\t\t\t\t\t<div class=\"elementor-element elementor-element-7a787f8 elementor-widget elementor-widget-zentec_separator\" data-id=\"7a787f8\" data-element_type=\"widget\" data-widget_type=\"zentec_separator.default\">\n\t\t\t\t<div class=\"elementor-widget-container\">\n\t\t\t<div class=\"theme-separator\"><\/div>\n\t\t\t\t<\/div>\n\t\t\t\t<\/div>\n\t\t\t\t\t<\/div>\n\t\t<\/div>\n\t\t\t\t\t\t\t<\/div>\n\t\t<\/section>\n\t\t\t\t<section class=\"elementor-section elementor-top-section elementor-element elementor-element-0db0e3f elementor-section-stretched elementor-section-full_width elementor-section-height-default elementor-section-height-default\" data-id=\"0db0e3f\" data-element_type=\"section\" data-settings=\"{&quot;stretch_section&quot;:&quot;section-stretched&quot;}\">\n\t\t\t\t\t\t<div class=\"elementor-container elementor-column-gap-no\">\n\t\t\t\t\t<div class=\"elementor-column elementor-col-100 elementor-top-column elementor-element elementor-element-aec8ae1\" data-id=\"aec8ae1\" data-element_type=\"column\">\n\t\t\t<div class=\"elementor-widget-wrap elementor-element-populated\">\n\t\t\t\t\t\t\t\t<div class=\"elementor-element elementor-element-1149bb6 elementor-widget elementor-widget-zentec_calltoaction2\" data-id=\"1149bb6\" data-element_type=\"widget\" data-widget_type=\"zentec_calltoaction2.default\">\n\t\t\t\t<div class=\"elementor-widget-container\">\n\t\t\t<section class=\" call-to-action\">\n\t<div class=\"map-pattern-layer\" style=\"background-image: url(https:\/\/wakatelecom.com\/wp-content\/uploads\/2020\/04\/map-pattern-three.png);\"><\/div>\n\n\t<div class=\"auto-container\">\n\t\t<div class=\"row clearfix\">\n\t\t\t<div class=\"title-column col-xl-7 col-lg-12 col-md-12 col-sm-12\">\n\t\t\t\t<div class=\"inner\">\n\t\t\t\t\t<h2>Obt\u00e9n recomendaciones de nuestros expertos<\/h2>\n\t\t\t\t<\/div>\n\t\t\t<\/div>\n\t\t\t<div class=\"links-column col-xl-5 col-lg-12 col-md-12 col-sm-12\">\n\t\t\t\t<div class=\"inner\">\n\t\t\t\t\t<div class=\"links-box\">\n\t\t\t\t\t\t<a href=\"\/?page_id=111\" class=\"theme-btn btn-style-two\"><div class=\"btn-title\">Haz tu Petici\u00f3n<\/div><\/a>\n\t\t\t\t\t\t<a href=\"\" class=\"theme-btn btn-style-one\"><div class=\"btn-title\">Chatea con un experto<\/div><\/a>\n\t\t\t\t\t<\/div>\n\t\t\t\t<\/div>\n\t\t\t<\/div>\n\t\t<\/div>\n\t<\/div>\n<\/section>\n\t\t\t\t<\/div>\n\t\t\t\t<\/div>\n\t\t\t\t\t<\/div>\n\t\t<\/div>\n\t\t\t\t\t\t\t<\/div>\n\t\t<\/section>\n\t\t\t\t\t\t\t<\/div>\n\t\t","protected":false},"excerpt":{"rendered":"<p>Servicios Correo Corporativo Dise\u00f1o Web Posicionamiento: SEO, AdWords Publicidad Digital Resiliencia de Datos Contabilidad Informatizada: FrontAccounting WUBICA GPS Track Vigilante Consultor\u00eda T\u00e9cnica Perfil Empresarial (PDF) Folleto Informativo Nuestros Servicios \u00bfAlguna pregunta? \u00a1Ll\u00e1manos hoy! (+240) 555 281 169 info@wakatelecom.com Contabilidad Informatizada: FrontAccounting La contabilidad computarizada es, en s\u00ed, un software que conforma un sistema de presupuesto [&hellip;]<\/p>\n","protected":false},"author":1,"featured_media":0,"parent":0,"menu_order":0,"comment_status":"closed","ping_status":"closed","template":"tpl-default-elementor.php","meta":[],"_links":{"self":[{"href":"https:\/\/wakatelecom.com\/index.php?rest_route=\/wp\/v2\/pages\/3326"}],"collection":[{"href":"https:\/\/wakatelecom.com\/index.php?rest_route=\/wp\/v2\/pages"}],"about":[{"href":"https:\/\/wakatelecom.com\/index.php?rest_route=\/wp\/v2\/types\/page"}],"author":[{"embeddable":true,"href":"https:\/\/wakatelecom.com\/index.php?rest_route=\/wp\/v2\/users\/1"}],"replies":[{"embeddable":true,"href":"https:\/\/wakatelecom.com\/index.php?rest_route=%2Fwp%2Fv2%2Fcomments&post=3326"}],"version-history":[{"count":58,"href":"https:\/\/wakatelecom.com\/index.php?rest_route=\/wp\/v2\/pages\/3326\/revisions"}],"predecessor-version":[{"id":4228,"href":"https:\/\/wakatelecom.com\/index.php?rest_route=\/wp\/v2\/pages\/3326\/revisions\/4228"}],"wp:attachment":[{"href":"https:\/\/wakatelecom.com\/index.php?rest_route=%2Fwp%2Fv2%2Fmedia&parent=3326"}],"curies":[{"name":"wp","href":"https:\/\/api.w.org\/{rel}","templated":true}]}}