{"id":4179,"date":"2024-04-21T23:51:27","date_gmt":"2024-04-21T22:51:27","guid":{"rendered":"https:\/\/wakatelecom.com\/?page_id=4179"},"modified":"2024-04-22T14:22:53","modified_gmt":"2024-04-22T13:22:53","slug":"track-vigilante","status":"publish","type":"page","link":"https:\/\/wakatelecom.com\/?page_id=4179","title":{"rendered":"Track Vigilante"},"content":{"rendered":"\t\t<div data-elementor-type=\"wp-page\" data-elementor-id=\"4179\" class=\"elementor elementor-4179\">\n\t\t\t\t\t\t\t\t\t<section class=\"elementor-section elementor-top-section elementor-element elementor-element-17cb032d elementor-section-stretched elementor-section-full_width elementor-section-height-default elementor-section-height-default\" data-id=\"17cb032d\" data-element_type=\"section\" data-settings=\"{&quot;stretch_section&quot;:&quot;section-stretched&quot;}\">\n\t\t\t\t\t\t<div class=\"elementor-container elementor-column-gap-no\">\n\t\t\t\t\t<div class=\"elementor-column elementor-col-100 elementor-top-column elementor-element elementor-element-d714225\" data-id=\"d714225\" data-element_type=\"column\">\n\t\t\t<div class=\"elementor-widget-wrap elementor-element-populated\">\n\t\t\t\t\t\t\t\t<div class=\"elementor-element elementor-element-4545b8f0 elementor-widget elementor-widget-zentec_page_title2\" data-id=\"4545b8f0\" data-element_type=\"widget\" data-widget_type=\"zentec_page_title2.default\">\n\t\t\t\t<div class=\"elementor-widget-container\">\n\t\t\t<section class=\" inner-banner alternate\">\n\t<div class=\"image-layer\" style=\"background-image: url(https:\/\/wakatelecom.com\/wp-content\/uploads\/2020\/04\/banner-bg-1.jpg);\"><\/div>\n\t<div class=\"auto-container\">\n\t\t<div class=\"inner\">\n\t\t\t<div class=\"title-box\">\n\t\t\t\t<h1>Servicios<\/h1>\n\t\t\t\t<div class=\"d-text\"><\/div>\n\t\t\t<\/div>\n\t\t<\/div>\n\t<\/div>\n<\/section>\n\t\t\t\t<\/div>\n\t\t\t\t<\/div>\n\t\t\t\t\t<\/div>\n\t\t<\/div>\n\t\t\t\t\t\t\t<\/div>\n\t\t<\/section>\n\t\t\t\t<section class=\"elementor-section elementor-top-section elementor-element elementor-element-51879d8c elementor-section-boxed elementor-section-height-default elementor-section-height-default\" data-id=\"51879d8c\" data-element_type=\"section\">\n\t\t\t\t\t\t<div class=\"elementor-container elementor-column-gap-default\">\n\t\t\t\t\t<div class=\"elementor-column elementor-col-33 elementor-top-column elementor-element elementor-element-71294a85\" data-id=\"71294a85\" data-element_type=\"column\">\n\t\t\t<div class=\"elementor-widget-wrap elementor-element-populated\">\n\t\t\t\t\t\t\t\t<div class=\"elementor-element elementor-element-5c2b9ce elementor-widget elementor-widget-zentec_wi_catagory\" data-id=\"5c2b9ce\" data-element_type=\"widget\" data-widget_type=\"zentec_wi_catagory.default\">\n\t\t\t\t<div class=\"elementor-widget-container\">\n\t\t\t    <div class=\" sidebar-page-container services-page\">\n        <div class=\"auto-container\">\n            <div class=\"row clearfix\">\n                <div class=\"sidebar-side col-lg-12 col-md-12 col-sm-12\">\n                    <aside class=\"sidebar services-sidebar\">\n                        <!--Services Widget-->\n                        <div class=\"sidebar-widget services-widget\">\n                            <div class=\"widget-inner\">\n                                <ul>\n                                    \n\t\t\t\t\t\t\t\t\t\t\t\t\t\t\t\t\t\t\t\t\t\t\t\t\t\t\t<li><a href=\"\/?page_id=97\">Correo Corporativo<\/a><\/li>\n                                    \t\n\t\t\t\t\t\t\t\t\t\n\t\t\t\t\t\t\t\t\t\t\t\t\t\t\t\t\t\t\t\t\t\t\t\t\t\t\t<li><a href=\"\/?page_id=101\">Dise\u00f1o Web<\/a><\/li>\n                                    \t\n\t\t\t\t\t\t\t\t\t\n\t\t\t\t\t\t\t\t\t\t\t\t\t\t\t\t\t\t\t\t\t\t\t\t\t\t\t<li><a href=\"\/?page_id=3271\">Posicionamiento: SEO, AdWords\n<\/a><\/li>\n                                    \t\n\t\t\t\t\t\t\t\t\t\n\t\t\t\t\t\t\t\t\t\t\t\t\t\t\t\t\t\t\t\t\t\t\t\t\t\t\t<li><a href=\"\/?page_id=3292\">Publicidad Digital<\/a><\/li>\n                                    \t\n\t\t\t\t\t\t\t\t\t\n\t\t\t\t\t\t\t\t\t\t\t\t\t\t\t\t\t\t\t\t\t\t\t\t\t\t\t<li><a href=\"\/?page_id=3308\">Resiliencia de Datos\n<\/a><\/li>\n                                    \t\n\t\t\t\t\t\t\t\t\t\n\t\t\t\t\t\t\t\t\t\t\t\t\t\t\t\t\t\t\t\t\t\t\t\t\t\t\t<li><a href=\"#\">Contabilidad Informatizada: FrontAccounting<\/a><\/li>\n                                    \t\n\t\t\t\t\t\t\t\t\t\n\t\t\t\t\t\t\t\t\t\t\t\t\t\t\t\t\t\t\t\t\t\t\t\t\t\t\t<li><a href=\"\/?page_id=3375\">WUBICA GPS<\/a><\/li>\n                                    \t\n\t\t\t\t\t\t\t\t\t\n\t\t\t\t\t\t\t\t\t\t\t\t\t\t\t\t\t\t\t\t\t\t\t\t\t\t\t<li class=\"active\"><a href=\"\/?page_id=4179\">Track Vigilante<\/a><\/li>\n                                    \n\t\t\t\t\t\t\t\t\t\t\n\t\t\t\t\t\t\t\t\t\n\t\t\t\t\t\t\t\t\t\t\t\t\t\t\t\t\t\t\t\t\t\t\t\t\t\t\t<li><a href=\"\/?page_id=3438\">Consultor\u00eda T\u00e9cnica<\/a><\/li>\n                                    \t\n\t\t\t\t\t\t\t\t\t\n\t\t\t\t\t\t\t\t\t                                <\/ul>\n                            <\/div>\n                        <\/div>\n                    <\/aside>\n                <\/div>\n            <\/div>\n        <\/div>\n    <\/div> \n\t\t\t\t<\/div>\n\t\t\t\t<\/div>\n\t\t\t\t<div class=\"elementor-element elementor-element-1406ddaf elementor-widget elementor-widget-zentec_wi_downloa\" data-id=\"1406ddaf\" data-element_type=\"widget\" data-widget_type=\"zentec_wi_downloa.default\">\n\t\t\t\t<div class=\"elementor-widget-container\">\n\t\t\t<div class=\" sidebar-page-container services-page\">\n        <div class=\"auto-container\">\n            <div class=\"row clearfix\">\n                <div class=\"sidebar-side col-lg-12 col-md-12 col-sm-12\">\n                    <aside class=\"sidebar services-sidebar\">\n                        <div class=\"sidebar-widget downloads-widget\">\n                            <div class=\"sidebar-title\">\n                                <h3><\/h3>\n                            <\/div>\n                            <div class=\"widget-inner\">\n                                <ul>\n                                    \n\t\t\t\t\t\t\t\t\t\t\t\t\t\t\t\t\t\t\n\t\t\t\t\t\t\t\t\t<li><a href=\"#\"><span class=\"far fa-file-pdf\"><\/span>Perfil Empresarial (PDF)<\/a><\/li>\n                                    \n\t\t\t\t\t\t\t\t\t\t\t\t\t\t\t\t\t\t\n\t\t\t\t\t\t\t\t\t<li><a href=\"#\"><span class=\"far fa-file-pdf\"><\/span>Folleto Informativo<\/a><\/li>\n                                    \n\t\t\t\t\t\t\t\t\t\t\t\t\t\t\t\t\t\t\n\t\t\t\t\t\t\t\t\t<li><a href=\"#\"><span class=\"far fa-file-pdf\"><\/span>Nuestros Servicios<\/a><\/li>\n                                    \n\t\t\t\t\t\t\t\t\t                                <\/ul>\n                            <\/div>\n                        <\/div>\n                        \n                    <\/aside>\n                <\/div>\n                \n            <\/div>\n        <\/div>\n    <\/div>\n\t\t\t\t<\/div>\n\t\t\t\t<\/div>\n\t\t\t\t<div class=\"elementor-element elementor-element-322762fa elementor-widget elementor-widget-zentec_wi_callto\" data-id=\"322762fa\" data-element_type=\"widget\" data-widget_type=\"zentec_wi_callto.default\">\n\t\t\t\t<div class=\"elementor-widget-container\">\n\t\t\t<div class=\" sidebar-page-container services-page\">\n\t<div class=\"auto-container\">\n\t\t<div class=\"row clearfix\">\n\t\t\t<div class=\"sidebar-side col-lg-12 col-md-12 col-sm-12\">\n\t\t\t\t<aside class=\"sidebar services-sidebar\">\n\t\t\t\t\t<!--Info Widget-->\n\t\t\t\t\t<div class=\"sidebar-widget info-widget\">\n\t\t\t\t\t\t<div class=\"widget-inner\">\n\t\t\t\t\t\t\t\n\t\t\t\t\t\t\t\t\t\t\t\t\t\t<div class=\"image\"><a href=\"https:\/\/soporte.wakatelecom.com\"><img decoding=\"async\" src=\"https:\/\/wakatelecom.com\/wp-content\/uploads\/2023\/12\/logoweb-1.png\" alt=\"\"><\/a><\/div>\n\t\t\t\t\t\t\t\t\t\t\t\t\t\t\n\t\t\t\t\t\t\t<div class=\"lower\">\n\t\t\t\t\t\t\t\t<div class=\"subtitle\">\u00bfAlguna pregunta?<br>\n\u00a1Ll\u00e1manos hoy!<\/div>\n\t\t\t\t\t\t\t\t<div class=\"icon-box\"><span class=\"flaticon-telephone\"><\/span><\/div>\n\t\t\t\t\t\t\t\t<div class=\"phone\"><a href=\"tel:(+1)-500.369.2580\"><a href=\"tel:+240555281169\"> (+240) 555 281 169<\/a>\n<\/a><\/div>\n\t\t\t\t\t\t\t\t<div class=\"email\"><a href=\"mailto:support@zentec.net\"><a href=\"mailto:info@wakatelecom.com\">info@wakatelecom.com<\/a><\/a><\/div>\n\t\t\t\t\t\t\t<\/div>\n\t\t\t\t\t\t<\/div>\n\t\t\t\t\t<\/div>\n\t\t\t\t<\/aside>\n\t\t\t<\/div>\n\t\t<\/div>\n\t<\/div>\n<\/div>\n\t\t\t\t<\/div>\n\t\t\t\t<\/div>\n\t\t\t\t\t<\/div>\n\t\t<\/div>\n\t\t\t\t<div class=\"elementor-column elementor-col-66 elementor-top-column elementor-element elementor-element-7b5ba95b\" data-id=\"7b5ba95b\" data-element_type=\"column\">\n\t\t\t<div class=\"elementor-widget-wrap elementor-element-populated\">\n\t\t\t\t\t\t\t\t<div class=\"elementor-element elementor-element-713c9b79 elementor-widget elementor-widget-zentec_service_single\" data-id=\"713c9b79\" data-element_type=\"widget\" data-widget_type=\"zentec_service_single.default\">\n\t\t\t\t<div class=\"elementor-widget-container\">\n\t\t\t<div class=\" sidebar-page-container services-page\">\n\t<div class=\"auto-container\">\n\t\t<div class=\"row clearfix\">\n\t\t\t\n\t\t\t<!--Content Side-->\n\t\t\t<div class=\"content-side col-lg-12 col-md-12 col-sm-12\">\n\t\t\t\t<div class=\"services-content\">\n\t\t\t\t\t<div class=\"service-details\">\n\t\t\t\t\t\t\n\t\t\t\t\t\t\n\t\t\t\t\t\t\t\t\t\t\t\t<div class=\"image-box\">\n\t\t\t\t\t\t\t<img decoding=\"async\" src=\"https:\/\/wakatelecom.com\/wp-content\/uploads\/2024\/04\/LogoTrackVigilante-FondoBlanco-570.png\" alt=\"\">\n\t\t\t\t\t\t<\/div>\n\t\t\t\t\t\t\t\t\t\t\t\t\n\t\t\t\t\t\t<!--content-->\n\t\t\t\t\t\t<div class=\"content\">\n\t\t\t\t\t\t\t<h3>Track Vigilante [Waka Track]<\/h3>\n\t\t\t\t\t\t\t<div class=\"text\">\n\t\t\t\t\t\t\t\t<p>En colaboraci\u00f3n estrat\u00e9gica con socios internacionales, ofrecemos este producto, que supone un antes y un despu\u00e9s para servicios que hasta ahora eran de muy dif\u00edcil seguimiento.\n<br>\n<br>\n<b>Seguridad Privada.<\/b><br>\nEleva a la m\u00e1xima potencia la seguridad privada con esta plataforma web (y app) configurable al 100%, que permite dise\u00f1ar, administrar y monitorear en tiempo real todas las actividades del personal de seguridad privada, gestionando en tiempo real sus turnos, informes y rondines, generando evidencias en l\u00ednea, geolocalizadas, y garantizando total transparencia en su puesto de trabajo.<br>\nProgramaci\u00f3n de turnos y roles, dise\u00f1o de informes, definici\u00f3n de rondines,... etc.<br><br>\n<b>Seguimiento de Operaciones.<\/b><br>\nHaz un seguimiento remoto de tus obras u otras operaciones a trav\u00e9s de esta plataforma, con informes de registro de asistencia geolocalizables, administra tambi\u00e9n tus recursos, todo ello directamente desde el m\u00f3vil o, si se prefiere, desde un ordenador. Con esta plataforma, los informes son todos reales (imposible enga\u00f1ar a la plataforma: fecha, hora, agente y lugar).<br><br>\nConoce m\u00e1s solicitando una sesi\u00f3n demo.\n\n<\/p>\n\t\t\t\t\t\t\t<\/div>\n\t\t\t\t\t\t<\/div>\n\t\t\t\t\t<\/div>\n\t\t\t\t<\/div>\n\t\t\t<\/div>\n\t\t<\/div>\n\t<\/div>\n<\/div>\n\t\t\t\t<\/div>\n\t\t\t\t<\/div>\n\t\t\t\t<div class=\"elementor-element elementor-element-5dccf692 elementor-widget elementor-widget-zentec_service_single2\" data-id=\"5dccf692\" data-element_type=\"widget\" data-widget_type=\"zentec_service_single2.default\">\n\t\t\t\t<div class=\"elementor-widget-container\">\n\t\t\t<div class=\" sidebar-page-container services-page\">\n        <div class=\"auto-container\">\n            <div class=\"row clearfix\">\n                <!--Content Side-->\n                <div class=\"content-side col-lg-12 col-md-12 col-sm-12\">\n                    <div class=\"services-content\">\n                        <div class=\"service-details\">\n                            <!--content-->\n                            <div class=\"content\">\n                                <!--Two Column-->\n                                <div class=\"two-col\">\n                                    <div class=\"row clearfix\">\n                                        <div class=\"column col-lg-6 col-md-6 col-sm-12\">\n                                            \n\t\t\t\t\t\t\t\t\t\t\t\n\t\t\t\t\t\t\t\t\t\t\t\t\t\t\t\t\t\t\t\t\t\t\n                                        <\/div>\n                                        <div class=\"column col-lg-6 col-md-6 col-sm-12\">\n                                            \n\t\t\t\t\t\t\t\t\t\t\t\n\t\t\t\t\t\t\t\t\t\t\t\t\t\t\t\t\t\t\t\t\t\t\n                                        <\/div>\n                                    <\/div>\n                                <\/div>\n                                <div class=\"text\">\n                                    <p><\/p>\n\n                                    <ul class=\"list-style-one\">\n                                        \n\t\t\t\t\t\t\t\t\t\t\t\t\t\t\t\t\t\t\t\t\n\t\t\t\t\t\t\t\t\t\t<li>Supervisa y registra rondines de vigilancia por cada turno<\/li>\n                                        \n\t\t\t\t\t\t\t\t\t\t\t\t\t\t\t\t\t\t\t\t\n\t\t\t\t\t\t\t\t\t\t<li>Crea informes y registros digitales de cada turno<\/li>\n                                        \n\t\t\t\t\t\t\t\t\t\t\t\t\t\t\t\t\t\t\t\t\n\t\t\t\t\t\t\t\t\t\t<li>Facilita la comunicaci\u00f3n r\u00e1pida y eficiente entre los guardias de seguridad y el centro de mando<\/li>\n                                        \n\t\t\t\t\t\t\t\t\t\t\t\t\t\t\t\t\t\t\t\t\n\t\t\t\t\t\t\t\t\t\t<li>Recibe alertas inmediatas sobre situaciones de emergencia<\/li>\n                                        \n\t\t\t\t\t\t\t\t\t\t\t\t\t\t\t\t\t\t\t\t\n\t\t\t\t\t\t\t\t\t\t<li>Ajusta y controla las posiciones de cada servicio, con horarios y turnos de personal<\/li>\n                                        \n\t\t\t\t\t\t\t\t\t\t\t\t\t\t\t\t\t\t\t\t\n\t\t\t\t\t\t\t\t\t\t<li>Mant\u00e9n seguimiento preciso de la ubicaci\u00f3n de tu personal de campo<\/li>\n                                        \n\t\t\t\t\t\t\t\t\t\t\t\t\t\t\t\t\t\t\t\t\n\t\t\t\t\t\t\t\t\t\t<li>Automatiza tus procesos, ahorrando tiempo y haciendo m\u00e1s eficientes tus operaciones<\/li>\n                                        \n\t\t\t\t\t\t\t\t\t\t\t\t\t\t\t\t\t\t\t\t\n\t\t\t\t\t\t\t\t\t\t<li>Mejora en la gesti\u00f3n del personal involucrado en las operaciones<\/li>\n                                        \n\t\t\t\t\t\t\t\t\t\t\t\t\t\t\t\t\t\t\t\t\n\t\t\t\t\t\t\t\t\t\t<li>Monitorea tus operaciones en tiempo real y genera informes automatizados de la localizaci\u00f3n y el trabajo que realiza el personal<\/li>\n                                        \n\t\t\t\t\t\t\t\t\t\t                                    <\/ul>\n                                <\/div>\n                            <\/div>\n                        <\/div>\n                    <\/div>\n                <\/div>\n            <\/div>\n        <\/div>\n    <\/div>\n\t\t\t\t<\/div>\n\t\t\t\t<\/div>\n\t\t\t\t\t<\/div>\n\t\t<\/div>\n\t\t\t\t\t\t\t<\/div>\n\t\t<\/section>\n\t\t\t\t<section class=\"elementor-section elementor-top-section elementor-element elementor-element-4e7d9a4 elementor-section-stretched elementor-section-full_width elementor-section-height-default elementor-section-height-default\" data-id=\"4e7d9a4\" data-element_type=\"section\" data-settings=\"{&quot;stretch_section&quot;:&quot;section-stretched&quot;}\">\n\t\t\t\t\t\t<div class=\"elementor-container elementor-column-gap-no\">\n\t\t\t\t\t<div class=\"elementor-column elementor-col-100 elementor-top-column elementor-element elementor-element-f6103f3\" data-id=\"f6103f3\" data-element_type=\"column\">\n\t\t\t<div class=\"elementor-widget-wrap elementor-element-populated\">\n\t\t\t\t\t\t\t\t<div class=\"elementor-element elementor-element-7a787f8 elementor-widget elementor-widget-zentec_separator\" data-id=\"7a787f8\" data-element_type=\"widget\" data-widget_type=\"zentec_separator.default\">\n\t\t\t\t<div class=\"elementor-widget-container\">\n\t\t\t<div class=\"theme-separator\"><\/div>\n\t\t\t\t<\/div>\n\t\t\t\t<\/div>\n\t\t\t\t\t<\/div>\n\t\t<\/div>\n\t\t\t\t\t\t\t<\/div>\n\t\t<\/section>\n\t\t\t\t<section class=\"elementor-section elementor-top-section elementor-element elementor-element-0db0e3f elementor-section-stretched elementor-section-full_width elementor-section-height-default elementor-section-height-default\" data-id=\"0db0e3f\" data-element_type=\"section\" data-settings=\"{&quot;stretch_section&quot;:&quot;section-stretched&quot;}\">\n\t\t\t\t\t\t<div class=\"elementor-container elementor-column-gap-no\">\n\t\t\t\t\t<div class=\"elementor-column elementor-col-100 elementor-top-column elementor-element elementor-element-aec8ae1\" data-id=\"aec8ae1\" data-element_type=\"column\">\n\t\t\t<div class=\"elementor-widget-wrap elementor-element-populated\">\n\t\t\t\t\t\t\t\t<div class=\"elementor-element elementor-element-1149bb6 elementor-widget elementor-widget-zentec_calltoaction2\" data-id=\"1149bb6\" data-element_type=\"widget\" data-widget_type=\"zentec_calltoaction2.default\">\n\t\t\t\t<div class=\"elementor-widget-container\">\n\t\t\t<section class=\" call-to-action\">\n\t<div class=\"map-pattern-layer\" style=\"background-image: url(https:\/\/wakatelecom.com\/wp-content\/uploads\/2020\/04\/map-pattern-three.png);\"><\/div>\n\n\t<div class=\"auto-container\">\n\t\t<div class=\"row clearfix\">\n\t\t\t<div class=\"title-column col-xl-7 col-lg-12 col-md-12 col-sm-12\">\n\t\t\t\t<div class=\"inner\">\n\t\t\t\t\t<h2>Obt\u00e9n recomendaciones de nuestros expertos<\/h2>\n\t\t\t\t<\/div>\n\t\t\t<\/div>\n\t\t\t<div class=\"links-column col-xl-5 col-lg-12 col-md-12 col-sm-12\">\n\t\t\t\t<div class=\"inner\">\n\t\t\t\t\t<div class=\"links-box\">\n\t\t\t\t\t\t<a href=\"\/?page_id=111\" class=\"theme-btn btn-style-two\"><div class=\"btn-title\">Haz tu Petici\u00f3n<\/div><\/a>\n\t\t\t\t\t\t<a href=\"\" class=\"theme-btn btn-style-one\"><div class=\"btn-title\">Chatea con un experto<\/div><\/a>\n\t\t\t\t\t<\/div>\n\t\t\t\t<\/div>\n\t\t\t<\/div>\n\t\t<\/div>\n\t<\/div>\n<\/section>\n\t\t\t\t<\/div>\n\t\t\t\t<\/div>\n\t\t\t\t\t<\/div>\n\t\t<\/div>\n\t\t\t\t\t\t\t<\/div>\n\t\t<\/section>\n\t\t\t\t\t\t\t<\/div>\n\t\t","protected":false},"excerpt":{"rendered":"<p>Servicios Correo Corporativo Dise\u00f1o Web Posicionamiento: SEO, AdWords Publicidad Digital Resiliencia de Datos Contabilidad Informatizada: FrontAccounting WUBICA GPS Track Vigilante Consultor\u00eda T\u00e9cnica Perfil Empresarial (PDF) Folleto Informativo Nuestros Servicios \u00bfAlguna pregunta? \u00a1Ll\u00e1manos hoy! (+240) 555 281 169 info@wakatelecom.com Track Vigilante [Waka Track] En colaboraci\u00f3n estrat\u00e9gica con socios internacionales, ofrecemos este producto, que supone un antes [&hellip;]<\/p>\n","protected":false},"author":1,"featured_media":0,"parent":0,"menu_order":0,"comment_status":"closed","ping_status":"closed","template":"tpl-default-elementor.php","meta":[],"_links":{"self":[{"href":"https:\/\/wakatelecom.com\/index.php?rest_route=\/wp\/v2\/pages\/4179"}],"collection":[{"href":"https:\/\/wakatelecom.com\/index.php?rest_route=\/wp\/v2\/pages"}],"about":[{"href":"https:\/\/wakatelecom.com\/index.php?rest_route=\/wp\/v2\/types\/page"}],"author":[{"embeddable":true,"href":"https:\/\/wakatelecom.com\/index.php?rest_route=\/wp\/v2\/users\/1"}],"replies":[{"embeddable":true,"href":"https:\/\/wakatelecom.com\/index.php?rest_route=%2Fwp%2Fv2%2Fcomments&post=4179"}],"version-history":[{"count":32,"href":"https:\/\/wakatelecom.com\/index.php?rest_route=\/wp\/v2\/pages\/4179\/revisions"}],"predecessor-version":[{"id":4240,"href":"https:\/\/wakatelecom.com\/index.php?rest_route=\/wp\/v2\/pages\/4179\/revisions\/4240"}],"wp:attachment":[{"href":"https:\/\/wakatelecom.com\/index.php?rest_route=%2Fwp%2Fv2%2Fmedia&parent=4179"}],"curies":[{"name":"wp","href":"https:\/\/api.w.org\/{rel}","templated":true}]}}